{"id":7055,"date":"2024-04-29T11:05:22","date_gmt":"2024-04-29T11:05:22","guid":{"rendered":"https:\/\/rave-brillen.de\/shop\/rave-brillen-trinitaet\/"},"modified":"2024-04-29T11:05:22","modified_gmt":"2024-04-29T11:05:22","slug":"rave-brillen-trinitaet","status":"publish","type":"product","link":"https:\/\/rave-brillen.de\/at\/shop\/rave-brillen-trinitaet\/","title":{"rendered":"Rave Brillen Trinit\u00e4t"},"content":{"rendered":"<p>Die Trinit\u00e4t der Rave Brillen. Spare 15 % beim Kauf dieses Bundles! Mit dieser einzigartigen Zusammenstellung bist du bestens f\u00fcr jedes Event ausgestattet.<\/p>\n","protected":false},"excerpt":{"rendered":"<p>Die Trinit\u00e4t der Rave Brillen. Spare 15 % beim Kauf dieses Bundles! Mit dieser einzigartigen Zusammenstellung bist du bestens f\u00fcr jedes Event ausgestattet.<\/p>\n","protected":false},"featured_media":5687,"template":"","meta":{"site-sidebar-layout":"default","site-content-layout":"","ast-site-content-layout":"default","site-content-style":"default","site-sidebar-style":"default","ast-global-header-display":"","ast-banner-title-visibility":"","ast-main-header-display":"","ast-hfb-above-header-display":"","ast-hfb-below-header-display":"","ast-hfb-mobile-header-display":"","site-post-title":"","ast-breadcrumbs-content":"","ast-featured-img":"","footer-sml-layout":"","ast-disable-related-posts":"","theme-transparent-header-meta":"default","adv-header-id-meta":"","stick-header-meta":"default","header-above-stick-meta":"","header-main-stick-meta":"","header-below-stick-meta":"","astra-migrate-meta-layouts":"default","ast-page-background-enabled":"default","ast-page-background-meta":{"desktop":{"background-color":"","background-image":"","background-repeat":"repeat","background-position":"center center","background-size":"auto","background-attachment":"scroll","background-type":"","background-media":"","overlay-type":"","overlay-color":"","overlay-opacity":"","overlay-gradient":""},"tablet":{"background-color":"","background-image":"","background-repeat":"repeat","background-position":"center center","background-size":"auto","background-attachment":"scroll","background-type":"","background-media":"","overlay-type":"","overlay-color":"","overlay-opacity":"","overlay-gradient":""},"mobile":{"background-color":"","background-image":"","background-repeat":"repeat","background-position":"center center","background-size":"auto","background-attachment":"scroll","background-type":"","background-media":"","overlay-type":"","overlay-color":"","overlay-opacity":"","overlay-gradient":""}},"ast-content-background-meta":{"desktop":{"background-color":"var(--ast-global-color-5)","background-image":"","background-repeat":"repeat","background-position":"center center","background-size":"auto","background-attachment":"scroll","background-type":"","background-media":"","overlay-type":"","overlay-color":"","overlay-opacity":"","overlay-gradient":""},"tablet":{"background-color":"var(--ast-global-color-5)","background-image":"","background-repeat":"repeat","background-position":"center center","background-size":"auto","background-attachment":"scroll","background-type":"","background-media":"","overlay-type":"","overlay-color":"","overlay-opacity":"","overlay-gradient":""},"mobile":{"background-color":"var(--ast-global-color-5)","background-image":"","background-repeat":"repeat","background-position":"center center","background-size":"auto","background-attachment":"scroll","background-type":"","background-media":"","overlay-type":"","overlay-color":"","overlay-opacity":"","overlay-gradient":""}}},"product_brand":[],"product_cat":[301,313,302],"product_tag":[],"class_list":{"0":"post-7055","1":"product","2":"type-product","3":"status-publish","4":"has-post-thumbnail","6":"product_cat-brille","7":"product_cat-bundle-rave-brille","8":"product_cat-rave-brille","9":"desktop-align-left","10":"tablet-align-left","11":"mobile-align-left","12":"ast-product-gallery-layout-horizontal-slider","13":"ast-product-tabs-layout-horizontal","14":"ast-qv-on-image","16":"first","17":"instock","18":"sale","19":"taxable","20":"shipping-taxable","21":"purchasable","22":"product-type-woosb"},"yoast_head":"<title>Rave Brillen Trinit\u00e4t - Rave Brillen Shop<\/title>\n<meta name=\"robots\" content=\"index, follow, max-snippet:-1, max-image-preview:large, max-video-preview:-1\" \/>\n<link rel=\"canonical\" href=\"https:\/\/rave-brillen.de\/at\/shop\/rave-brillen-trinitaet\/\" \/>\n<meta property=\"og:locale\" content=\"de_DE\" \/>\n<meta property=\"og:type\" content=\"article\" \/>\n<meta property=\"og:title\" content=\"Rave Brillen Trinit\u00e4t - Rave Brillen Shop\" \/>\n<meta property=\"og:description\" content=\"Die Trinit\u00e4t der Rave Brillen. Spare 15 % beim Kauf dieses Bundles! Mit dieser einzigartigen Zusammenstellung bist du bestens f\u00fcr jedes Event ausgestattet.\" \/>\n<meta property=\"og:url\" content=\"https:\/\/rave-brillen.de\/at\/shop\/rave-brillen-trinitaet\/\" \/>\n<meta property=\"og:site_name\" content=\"Rave Brillen Shop\" \/>\n<meta name=\"twitter:card\" content=\"summary_large_image\" \/>\n<script type=\"application\/ld+json\" class=\"yoast-schema-graph\">{\"@context\":\"https:\\\/\\\/schema.org\",\"@graph\":[{\"@type\":\"WebPage\",\"@id\":\"https:\\\/\\\/rave-brillen.de\\\/at\\\/shop\\\/rave-brillen-trinitaet\\\/\",\"url\":\"https:\\\/\\\/rave-brillen.de\\\/at\\\/shop\\\/rave-brillen-trinitaet\\\/\",\"name\":\"Rave Brillen Trinit\u00e4t - Rave Brillen Shop\",\"isPartOf\":{\"@id\":\"https:\\\/\\\/rave-brillen.de\\\/at\\\/#website\"},\"primaryImageOfPage\":{\"@id\":\"https:\\\/\\\/rave-brillen.de\\\/at\\\/shop\\\/rave-brillen-trinitaet\\\/#primaryimage\"},\"image\":{\"@id\":\"https:\\\/\\\/rave-brillen.de\\\/at\\\/shop\\\/rave-brillen-trinitaet\\\/#primaryimage\"},\"thumbnailUrl\":\"https:\\\/\\\/rave-brillen.de\\\/wp-content\\\/uploads\\\/2024\\\/04\\\/rave-brillen-trinitaet-v3.jpg\",\"datePublished\":\"2024-04-29T11:05:22+00:00\",\"breadcrumb\":{\"@id\":\"https:\\\/\\\/rave-brillen.de\\\/at\\\/shop\\\/rave-brillen-trinitaet\\\/#breadcrumb\"},\"inLanguage\":\"de-AT\",\"potentialAction\":[{\"@type\":\"ReadAction\",\"target\":[\"https:\\\/\\\/rave-brillen.de\\\/at\\\/shop\\\/rave-brillen-trinitaet\\\/\"]}]},{\"@type\":\"ImageObject\",\"inLanguage\":\"de-AT\",\"@id\":\"https:\\\/\\\/rave-brillen.de\\\/at\\\/shop\\\/rave-brillen-trinitaet\\\/#primaryimage\",\"url\":\"https:\\\/\\\/rave-brillen.de\\\/wp-content\\\/uploads\\\/2024\\\/04\\\/rave-brillen-trinitaet-v3.jpg\",\"contentUrl\":\"https:\\\/\\\/rave-brillen.de\\\/wp-content\\\/uploads\\\/2024\\\/04\\\/rave-brillen-trinitaet-v3.jpg\",\"width\":799,\"height\":799,\"caption\":\"Rave Brillen Trinit\u00e4t Bundle Angebot\"},{\"@type\":\"BreadcrumbList\",\"@id\":\"https:\\\/\\\/rave-brillen.de\\\/at\\\/shop\\\/rave-brillen-trinitaet\\\/#breadcrumb\",\"itemListElement\":[{\"@type\":\"ListItem\",\"position\":1,\"name\":\"Startseite\",\"item\":\"https:\\\/\\\/rave-brillen.de\\\/at\\\/\"},{\"@type\":\"ListItem\",\"position\":2,\"name\":\"Shop\",\"item\":\"https:\\\/\\\/rave-brillen.de\\\/at\\\/shop\\\/\"},{\"@type\":\"ListItem\",\"position\":3,\"name\":\"Rave Brillen Trinit\u00e4t\"}]},{\"@type\":\"WebSite\",\"@id\":\"https:\\\/\\\/rave-brillen.de\\\/at\\\/#website\",\"url\":\"https:\\\/\\\/rave-brillen.de\\\/at\\\/\",\"name\":\"Rave Brillen Shop\",\"description\":\"\",\"publisher\":{\"@id\":\"https:\\\/\\\/rave-brillen.de\\\/at\\\/#organization\"},\"alternateName\":\"Rave Brillen Online Shop\",\"potentialAction\":[{\"@type\":\"SearchAction\",\"target\":{\"@type\":\"EntryPoint\",\"urlTemplate\":\"https:\\\/\\\/rave-brillen.de\\\/at\\\/?s={search_term_string}\"},\"query-input\":{\"@type\":\"PropertyValueSpecification\",\"valueRequired\":true,\"valueName\":\"search_term_string\"}}],\"inLanguage\":\"de-AT\"},{\"@type\":\"Organization\",\"@id\":\"https:\\\/\\\/rave-brillen.de\\\/at\\\/#organization\",\"name\":\"Rave Brillen Shop\",\"alternateName\":\"Rave Brillen Shop\",\"url\":\"https:\\\/\\\/rave-brillen.de\\\/at\\\/\",\"logo\":{\"@type\":\"ImageObject\",\"inLanguage\":\"de-AT\",\"@id\":\"https:\\\/\\\/rave-brillen.de\\\/at\\\/#\\\/schema\\\/logo\\\/image\\\/\",\"url\":\"https:\\\/\\\/rave-brillen.de\\\/wp-content\\\/uploads\\\/2023\\\/11\\\/cropped-logo-v3.png\",\"contentUrl\":\"https:\\\/\\\/rave-brillen.de\\\/wp-content\\\/uploads\\\/2023\\\/11\\\/cropped-logo-v3.png\",\"width\":512,\"height\":512,\"caption\":\"Rave Brillen Shop\"},\"image\":{\"@id\":\"https:\\\/\\\/rave-brillen.de\\\/at\\\/#\\\/schema\\\/logo\\\/image\\\/\"}}]}<\/script>","yoast_head_json":{"title":"Rave Brillen Trinit\u00e4t - Rave Brillen Shop","robots":{"index":"index","follow":"follow","max-snippet":"max-snippet:-1","max-image-preview":"max-image-preview:large","max-video-preview":"max-video-preview:-1"},"canonical":"https:\/\/rave-brillen.de\/at\/shop\/rave-brillen-trinitaet\/","og_locale":"de_DE","og_type":"article","og_title":"Rave Brillen Trinit\u00e4t - Rave Brillen Shop","og_description":"Die Trinit\u00e4t der Rave Brillen. Spare 15 % beim Kauf dieses Bundles! Mit dieser einzigartigen Zusammenstellung bist du bestens f\u00fcr jedes Event ausgestattet.","og_url":"https:\/\/rave-brillen.de\/at\/shop\/rave-brillen-trinitaet\/","og_site_name":"Rave Brillen Shop","twitter_card":"summary_large_image","schema":{"@context":"https:\/\/schema.org","@graph":[{"@type":"WebPage","@id":"https:\/\/rave-brillen.de\/at\/shop\/rave-brillen-trinitaet\/","url":"https:\/\/rave-brillen.de\/at\/shop\/rave-brillen-trinitaet\/","name":"Rave Brillen Trinit\u00e4t - Rave Brillen Shop","isPartOf":{"@id":"https:\/\/rave-brillen.de\/at\/#website"},"primaryImageOfPage":{"@id":"https:\/\/rave-brillen.de\/at\/shop\/rave-brillen-trinitaet\/#primaryimage"},"image":{"@id":"https:\/\/rave-brillen.de\/at\/shop\/rave-brillen-trinitaet\/#primaryimage"},"thumbnailUrl":"https:\/\/rave-brillen.de\/wp-content\/uploads\/2024\/04\/rave-brillen-trinitaet-v3.jpg","datePublished":"2024-04-29T11:05:22+00:00","breadcrumb":{"@id":"https:\/\/rave-brillen.de\/at\/shop\/rave-brillen-trinitaet\/#breadcrumb"},"inLanguage":"de-AT","potentialAction":[{"@type":"ReadAction","target":["https:\/\/rave-brillen.de\/at\/shop\/rave-brillen-trinitaet\/"]}]},{"@type":"ImageObject","inLanguage":"de-AT","@id":"https:\/\/rave-brillen.de\/at\/shop\/rave-brillen-trinitaet\/#primaryimage","url":"https:\/\/rave-brillen.de\/wp-content\/uploads\/2024\/04\/rave-brillen-trinitaet-v3.jpg","contentUrl":"https:\/\/rave-brillen.de\/wp-content\/uploads\/2024\/04\/rave-brillen-trinitaet-v3.jpg","width":799,"height":799,"caption":"Rave Brillen Trinit\u00e4t Bundle Angebot"},{"@type":"BreadcrumbList","@id":"https:\/\/rave-brillen.de\/at\/shop\/rave-brillen-trinitaet\/#breadcrumb","itemListElement":[{"@type":"ListItem","position":1,"name":"Startseite","item":"https:\/\/rave-brillen.de\/at\/"},{"@type":"ListItem","position":2,"name":"Shop","item":"https:\/\/rave-brillen.de\/at\/shop\/"},{"@type":"ListItem","position":3,"name":"Rave Brillen Trinit\u00e4t"}]},{"@type":"WebSite","@id":"https:\/\/rave-brillen.de\/at\/#website","url":"https:\/\/rave-brillen.de\/at\/","name":"Rave Brillen Shop","description":"","publisher":{"@id":"https:\/\/rave-brillen.de\/at\/#organization"},"alternateName":"Rave Brillen Online Shop","potentialAction":[{"@type":"SearchAction","target":{"@type":"EntryPoint","urlTemplate":"https:\/\/rave-brillen.de\/at\/?s={search_term_string}"},"query-input":{"@type":"PropertyValueSpecification","valueRequired":true,"valueName":"search_term_string"}}],"inLanguage":"de-AT"},{"@type":"Organization","@id":"https:\/\/rave-brillen.de\/at\/#organization","name":"Rave Brillen Shop","alternateName":"Rave Brillen Shop","url":"https:\/\/rave-brillen.de\/at\/","logo":{"@type":"ImageObject","inLanguage":"de-AT","@id":"https:\/\/rave-brillen.de\/at\/#\/schema\/logo\/image\/","url":"https:\/\/rave-brillen.de\/wp-content\/uploads\/2023\/11\/cropped-logo-v3.png","contentUrl":"https:\/\/rave-brillen.de\/wp-content\/uploads\/2023\/11\/cropped-logo-v3.png","width":512,"height":512,"caption":"Rave Brillen Shop"},"image":{"@id":"https:\/\/rave-brillen.de\/at\/#\/schema\/logo\/image\/"}}]}},"jetpack_sharing_enabled":true,"_links":{"self":[{"href":"https:\/\/rave-brillen.de\/at\/wp-json\/wp\/v2\/product\/7055","targetHints":{"allow":["GET"]}}],"collection":[{"href":"https:\/\/rave-brillen.de\/at\/wp-json\/wp\/v2\/product"}],"about":[{"href":"https:\/\/rave-brillen.de\/at\/wp-json\/wp\/v2\/types\/product"}],"wp:featuredmedia":[{"embeddable":true,"href":"https:\/\/rave-brillen.de\/at\/wp-json\/wp\/v2\/media\/5687"}],"wp:attachment":[{"href":"https:\/\/rave-brillen.de\/at\/wp-json\/wp\/v2\/media?parent=7055"}],"wp:term":[{"taxonomy":"product_brand","embeddable":true,"href":"https:\/\/rave-brillen.de\/at\/wp-json\/wp\/v2\/product_brand?post=7055"},{"taxonomy":"product_cat","embeddable":true,"href":"https:\/\/rave-brillen.de\/at\/wp-json\/wp\/v2\/product_cat?post=7055"},{"taxonomy":"product_tag","embeddable":true,"href":"https:\/\/rave-brillen.de\/at\/wp-json\/wp\/v2\/product_tag?post=7055"}],"curies":[{"name":"wp","href":"https:\/\/api.w.org\/{rel}","templated":true}]}}