{"id":7065,"date":"2024-04-08T14:38:28","date_gmt":"2024-04-08T14:38:28","guid":{"rendered":"https:\/\/rave-brillen.de\/shop\/schnelle-brillen-trinitaet\/"},"modified":"2025-11-25T19:58:54","modified_gmt":"2025-11-25T18:58:54","slug":"schnelle-brillen-trinitaet","status":"publish","type":"product","link":"https:\/\/rave-brillen.de\/at\/shop\/schnelle-brillen-trinitaet\/","title":{"rendered":"Schnelle Brillen Trinit\u00e4t"},"content":{"rendered":"<p style=\"text-align: left;\">Die Trinit\u00e4t der schnellen Brillen. 3 f\u00fcr 2. Zahle 2 und bekomme 3 schnelle Brillen mit diesem Bundle! Mit dieser einzigartigen Zusammenstellung bist du bestens f\u00fcr jedes Event ausgestattet.<\/p>\n","protected":false},"excerpt":{"rendered":"<p>Die Trinit\u00e4t der schnellen Brillen. 3 f\u00fcr 2. Zahle 2 und bekomme 3 schnelle Brillen mit diesem Bundle! Mit dieser einzigartigen Zusammenstellung bist du bestens f\u00fcr jedes Event ausgestattet.<\/p>\n","protected":false},"featured_media":5513,"template":"","meta":{"site-sidebar-layout":"default","site-content-layout":"","ast-site-content-layout":"default","site-content-style":"default","site-sidebar-style":"default","ast-global-header-display":"","ast-banner-title-visibility":"","ast-main-header-display":"","ast-hfb-above-header-display":"","ast-hfb-below-header-display":"","ast-hfb-mobile-header-display":"","site-post-title":"","ast-breadcrumbs-content":"","ast-featured-img":"","footer-sml-layout":"","ast-disable-related-posts":"","theme-transparent-header-meta":"default","adv-header-id-meta":"","stick-header-meta":"default","header-above-stick-meta":"","header-main-stick-meta":"","header-below-stick-meta":"","astra-migrate-meta-layouts":"set","ast-page-background-enabled":"default","ast-page-background-meta":{"desktop":{"background-color":"","background-image":"","background-repeat":"repeat","background-position":"center center","background-size":"auto","background-attachment":"scroll","background-type":"","background-media":"","overlay-type":"","overlay-color":"","overlay-opacity":"","overlay-gradient":""},"tablet":{"background-color":"","background-image":"","background-repeat":"repeat","background-position":"center center","background-size":"auto","background-attachment":"scroll","background-type":"","background-media":"","overlay-type":"","overlay-color":"","overlay-opacity":"","overlay-gradient":""},"mobile":{"background-color":"","background-image":"","background-repeat":"repeat","background-position":"center center","background-size":"auto","background-attachment":"scroll","background-type":"","background-media":"","overlay-type":"","overlay-color":"","overlay-opacity":"","overlay-gradient":""}},"ast-content-background-meta":{"desktop":{"background-color":"var(--ast-global-color-5)","background-image":"","background-repeat":"repeat","background-position":"center center","background-size":"auto","background-attachment":"scroll","background-type":"","background-media":"","overlay-type":"","overlay-color":"","overlay-opacity":"","overlay-gradient":""},"tablet":{"background-color":"var(--ast-global-color-5)","background-image":"","background-repeat":"repeat","background-position":"center center","background-size":"auto","background-attachment":"scroll","background-type":"","background-media":"","overlay-type":"","overlay-color":"","overlay-opacity":"","overlay-gradient":""},"mobile":{"background-color":"var(--ast-global-color-5)","background-image":"","background-repeat":"repeat","background-position":"center center","background-size":"auto","background-attachment":"scroll","background-type":"","background-media":"","overlay-type":"","overlay-color":"","overlay-opacity":"","overlay-gradient":""}}},"product_brand":[],"product_cat":[301,321,307],"product_tag":[],"class_list":{"0":"post-7065","1":"product","2":"type-product","3":"status-publish","4":"has-post-thumbnail","6":"product_cat-brille","7":"product_cat-bundle","8":"product_cat-schnelle-brille","9":"desktop-align-left","10":"tablet-align-left","11":"mobile-align-left","12":"ast-product-gallery-layout-horizontal-slider","13":"ast-product-tabs-layout-horizontal","14":"ast-qv-on-image","16":"first","17":"instock","18":"sale","19":"taxable","20":"shipping-taxable","21":"purchasable","22":"product-type-woosb"},"yoast_head":"<title>Schnelle Brillen Trinit\u00e4t - Rave Brillen Shop<\/title>\n<meta name=\"description\" content=\"Die Trinit\u00e4t der schnellen Brillen. 3 f\u00fcr 2. Zahle 2 und bekomme 3 schnelle Brillen mit diesem Bundle! Hiermit du bestens f\u00fcr jedes Event ausgestattet.\" \/>\n<meta name=\"robots\" content=\"index, follow, max-snippet:-1, max-image-preview:large, max-video-preview:-1\" \/>\n<link rel=\"canonical\" href=\"https:\/\/rave-brillen.de\/at\/shop\/schnelle-brillen-trinitaet\/\" \/>\n<meta property=\"og:locale\" content=\"de_DE\" \/>\n<meta property=\"og:type\" content=\"article\" \/>\n<meta property=\"og:title\" content=\"Schnelle Brillen Trinit\u00e4t - Rave Brillen Shop\" \/>\n<meta property=\"og:description\" content=\"Die Trinit\u00e4t der schnellen Brillen. 3 f\u00fcr 2. Zahle 2 und bekomme 3 schnelle Brillen mit diesem Bundle! Hiermit du bestens f\u00fcr jedes Event ausgestattet.\" \/>\n<meta property=\"og:url\" content=\"https:\/\/rave-brillen.de\/at\/shop\/schnelle-brillen-trinitaet\/\" \/>\n<meta property=\"og:site_name\" content=\"Rave Brillen Shop\" \/>\n<meta property=\"article:modified_time\" content=\"2025-11-25T18:58:54+00:00\" \/>\n<meta property=\"og:image\" content=\"https:\/\/rave-brillen.de\/wp-content\/uploads\/2024\/04\/schnelle-brille-trinitaet-v3-1.jpg\" \/>\n\t<meta property=\"og:image:width\" content=\"799\" \/>\n\t<meta property=\"og:image:height\" content=\"799\" \/>\n\t<meta property=\"og:image:type\" content=\"image\/jpeg\" \/>\n<meta name=\"twitter:card\" content=\"summary_large_image\" \/>\n<meta name=\"twitter:label1\" content=\"Gesch\u00e4tzte Lesezeit\" \/>\n\t<meta name=\"twitter:data1\" content=\"1 Minute\" \/>\n<script type=\"application\/ld+json\" class=\"yoast-schema-graph\">{\"@context\":\"https:\\\/\\\/schema.org\",\"@graph\":[{\"@type\":\"WebPage\",\"@id\":\"https:\\\/\\\/rave-brillen.de\\\/at\\\/shop\\\/schnelle-brillen-trinitaet\\\/\",\"url\":\"https:\\\/\\\/rave-brillen.de\\\/at\\\/shop\\\/schnelle-brillen-trinitaet\\\/\",\"name\":\"Schnelle Brillen Trinit\u00e4t - Rave Brillen Shop\",\"isPartOf\":{\"@id\":\"https:\\\/\\\/rave-brillen.de\\\/at\\\/#website\"},\"primaryImageOfPage\":{\"@id\":\"https:\\\/\\\/rave-brillen.de\\\/at\\\/shop\\\/schnelle-brillen-trinitaet\\\/#primaryimage\"},\"image\":{\"@id\":\"https:\\\/\\\/rave-brillen.de\\\/at\\\/shop\\\/schnelle-brillen-trinitaet\\\/#primaryimage\"},\"thumbnailUrl\":\"https:\\\/\\\/rave-brillen.de\\\/wp-content\\\/uploads\\\/2024\\\/04\\\/schnelle-brille-trinitaet-v3-1.jpg\",\"datePublished\":\"2024-04-08T14:38:28+00:00\",\"dateModified\":\"2025-11-25T18:58:54+00:00\",\"description\":\"Die Trinit\u00e4t der schnellen Brillen. 3 f\u00fcr 2. Zahle 2 und bekomme 3 schnelle Brillen mit diesem Bundle! Hiermit du bestens f\u00fcr jedes Event ausgestattet.\",\"breadcrumb\":{\"@id\":\"https:\\\/\\\/rave-brillen.de\\\/at\\\/shop\\\/schnelle-brillen-trinitaet\\\/#breadcrumb\"},\"inLanguage\":\"de-AT\",\"potentialAction\":[{\"@type\":\"ReadAction\",\"target\":[\"https:\\\/\\\/rave-brillen.de\\\/at\\\/shop\\\/schnelle-brillen-trinitaet\\\/\"]}]},{\"@type\":\"ImageObject\",\"inLanguage\":\"de-AT\",\"@id\":\"https:\\\/\\\/rave-brillen.de\\\/at\\\/shop\\\/schnelle-brillen-trinitaet\\\/#primaryimage\",\"url\":\"https:\\\/\\\/rave-brillen.de\\\/wp-content\\\/uploads\\\/2024\\\/04\\\/schnelle-brille-trinitaet-v3-1.jpg\",\"contentUrl\":\"https:\\\/\\\/rave-brillen.de\\\/wp-content\\\/uploads\\\/2024\\\/04\\\/schnelle-brille-trinitaet-v3-1.jpg\",\"width\":799,\"height\":799,\"caption\":\"Die Schnelle Brillen Trinit\u00e4t\"},{\"@type\":\"BreadcrumbList\",\"@id\":\"https:\\\/\\\/rave-brillen.de\\\/at\\\/shop\\\/schnelle-brillen-trinitaet\\\/#breadcrumb\",\"itemListElement\":[{\"@type\":\"ListItem\",\"position\":1,\"name\":\"Startseite\",\"item\":\"https:\\\/\\\/rave-brillen.de\\\/at\\\/\"},{\"@type\":\"ListItem\",\"position\":2,\"name\":\"Shop\",\"item\":\"https:\\\/\\\/rave-brillen.de\\\/at\\\/shop\\\/\"},{\"@type\":\"ListItem\",\"position\":3,\"name\":\"Schnelle Brillen Trinit\u00e4t\"}]},{\"@type\":\"WebSite\",\"@id\":\"https:\\\/\\\/rave-brillen.de\\\/at\\\/#website\",\"url\":\"https:\\\/\\\/rave-brillen.de\\\/at\\\/\",\"name\":\"Rave Brillen Shop\",\"description\":\"\",\"publisher\":{\"@id\":\"https:\\\/\\\/rave-brillen.de\\\/at\\\/#organization\"},\"alternateName\":\"Rave Brillen Online Shop\",\"potentialAction\":[{\"@type\":\"SearchAction\",\"target\":{\"@type\":\"EntryPoint\",\"urlTemplate\":\"https:\\\/\\\/rave-brillen.de\\\/at\\\/?s={search_term_string}\"},\"query-input\":{\"@type\":\"PropertyValueSpecification\",\"valueRequired\":true,\"valueName\":\"search_term_string\"}}],\"inLanguage\":\"de-AT\"},{\"@type\":\"Organization\",\"@id\":\"https:\\\/\\\/rave-brillen.de\\\/at\\\/#organization\",\"name\":\"Rave Brillen Shop\",\"alternateName\":\"Rave Brillen Shop\",\"url\":\"https:\\\/\\\/rave-brillen.de\\\/at\\\/\",\"logo\":{\"@type\":\"ImageObject\",\"inLanguage\":\"de-AT\",\"@id\":\"https:\\\/\\\/rave-brillen.de\\\/at\\\/#\\\/schema\\\/logo\\\/image\\\/\",\"url\":\"https:\\\/\\\/rave-brillen.de\\\/wp-content\\\/uploads\\\/2023\\\/11\\\/cropped-logo-v3.png\",\"contentUrl\":\"https:\\\/\\\/rave-brillen.de\\\/wp-content\\\/uploads\\\/2023\\\/11\\\/cropped-logo-v3.png\",\"width\":512,\"height\":512,\"caption\":\"Rave Brillen Shop\"},\"image\":{\"@id\":\"https:\\\/\\\/rave-brillen.de\\\/at\\\/#\\\/schema\\\/logo\\\/image\\\/\"}}]}<\/script>","yoast_head_json":{"title":"Schnelle Brillen Trinit\u00e4t - Rave Brillen Shop","description":"Die Trinit\u00e4t der schnellen Brillen. 3 f\u00fcr 2. Zahle 2 und bekomme 3 schnelle Brillen mit diesem Bundle! Hiermit du bestens f\u00fcr jedes Event ausgestattet.","robots":{"index":"index","follow":"follow","max-snippet":"max-snippet:-1","max-image-preview":"max-image-preview:large","max-video-preview":"max-video-preview:-1"},"canonical":"https:\/\/rave-brillen.de\/at\/shop\/schnelle-brillen-trinitaet\/","og_locale":"de_DE","og_type":"article","og_title":"Schnelle Brillen Trinit\u00e4t - Rave Brillen Shop","og_description":"Die Trinit\u00e4t der schnellen Brillen. 3 f\u00fcr 2. Zahle 2 und bekomme 3 schnelle Brillen mit diesem Bundle! Hiermit du bestens f\u00fcr jedes Event ausgestattet.","og_url":"https:\/\/rave-brillen.de\/at\/shop\/schnelle-brillen-trinitaet\/","og_site_name":"Rave Brillen Shop","article_modified_time":"2025-11-25T18:58:54+00:00","og_image":[{"width":799,"height":799,"url":"https:\/\/rave-brillen.de\/wp-content\/uploads\/2024\/04\/schnelle-brille-trinitaet-v3-1.jpg","type":"image\/jpeg"}],"twitter_card":"summary_large_image","twitter_misc":{"Gesch\u00e4tzte Lesezeit":"1 Minute"},"schema":{"@context":"https:\/\/schema.org","@graph":[{"@type":"WebPage","@id":"https:\/\/rave-brillen.de\/at\/shop\/schnelle-brillen-trinitaet\/","url":"https:\/\/rave-brillen.de\/at\/shop\/schnelle-brillen-trinitaet\/","name":"Schnelle Brillen Trinit\u00e4t - Rave Brillen Shop","isPartOf":{"@id":"https:\/\/rave-brillen.de\/at\/#website"},"primaryImageOfPage":{"@id":"https:\/\/rave-brillen.de\/at\/shop\/schnelle-brillen-trinitaet\/#primaryimage"},"image":{"@id":"https:\/\/rave-brillen.de\/at\/shop\/schnelle-brillen-trinitaet\/#primaryimage"},"thumbnailUrl":"https:\/\/rave-brillen.de\/wp-content\/uploads\/2024\/04\/schnelle-brille-trinitaet-v3-1.jpg","datePublished":"2024-04-08T14:38:28+00:00","dateModified":"2025-11-25T18:58:54+00:00","description":"Die Trinit\u00e4t der schnellen Brillen. 3 f\u00fcr 2. Zahle 2 und bekomme 3 schnelle Brillen mit diesem Bundle! Hiermit du bestens f\u00fcr jedes Event ausgestattet.","breadcrumb":{"@id":"https:\/\/rave-brillen.de\/at\/shop\/schnelle-brillen-trinitaet\/#breadcrumb"},"inLanguage":"de-AT","potentialAction":[{"@type":"ReadAction","target":["https:\/\/rave-brillen.de\/at\/shop\/schnelle-brillen-trinitaet\/"]}]},{"@type":"ImageObject","inLanguage":"de-AT","@id":"https:\/\/rave-brillen.de\/at\/shop\/schnelle-brillen-trinitaet\/#primaryimage","url":"https:\/\/rave-brillen.de\/wp-content\/uploads\/2024\/04\/schnelle-brille-trinitaet-v3-1.jpg","contentUrl":"https:\/\/rave-brillen.de\/wp-content\/uploads\/2024\/04\/schnelle-brille-trinitaet-v3-1.jpg","width":799,"height":799,"caption":"Die Schnelle Brillen Trinit\u00e4t"},{"@type":"BreadcrumbList","@id":"https:\/\/rave-brillen.de\/at\/shop\/schnelle-brillen-trinitaet\/#breadcrumb","itemListElement":[{"@type":"ListItem","position":1,"name":"Startseite","item":"https:\/\/rave-brillen.de\/at\/"},{"@type":"ListItem","position":2,"name":"Shop","item":"https:\/\/rave-brillen.de\/at\/shop\/"},{"@type":"ListItem","position":3,"name":"Schnelle Brillen Trinit\u00e4t"}]},{"@type":"WebSite","@id":"https:\/\/rave-brillen.de\/at\/#website","url":"https:\/\/rave-brillen.de\/at\/","name":"Rave Brillen Shop","description":"","publisher":{"@id":"https:\/\/rave-brillen.de\/at\/#organization"},"alternateName":"Rave Brillen Online Shop","potentialAction":[{"@type":"SearchAction","target":{"@type":"EntryPoint","urlTemplate":"https:\/\/rave-brillen.de\/at\/?s={search_term_string}"},"query-input":{"@type":"PropertyValueSpecification","valueRequired":true,"valueName":"search_term_string"}}],"inLanguage":"de-AT"},{"@type":"Organization","@id":"https:\/\/rave-brillen.de\/at\/#organization","name":"Rave Brillen Shop","alternateName":"Rave Brillen Shop","url":"https:\/\/rave-brillen.de\/at\/","logo":{"@type":"ImageObject","inLanguage":"de-AT","@id":"https:\/\/rave-brillen.de\/at\/#\/schema\/logo\/image\/","url":"https:\/\/rave-brillen.de\/wp-content\/uploads\/2023\/11\/cropped-logo-v3.png","contentUrl":"https:\/\/rave-brillen.de\/wp-content\/uploads\/2023\/11\/cropped-logo-v3.png","width":512,"height":512,"caption":"Rave Brillen Shop"},"image":{"@id":"https:\/\/rave-brillen.de\/at\/#\/schema\/logo\/image\/"}}]}},"jetpack_sharing_enabled":true,"_links":{"self":[{"href":"https:\/\/rave-brillen.de\/at\/wp-json\/wp\/v2\/product\/7065","targetHints":{"allow":["GET"]}}],"collection":[{"href":"https:\/\/rave-brillen.de\/at\/wp-json\/wp\/v2\/product"}],"about":[{"href":"https:\/\/rave-brillen.de\/at\/wp-json\/wp\/v2\/types\/product"}],"wp:featuredmedia":[{"embeddable":true,"href":"https:\/\/rave-brillen.de\/at\/wp-json\/wp\/v2\/media\/5513"}],"wp:attachment":[{"href":"https:\/\/rave-brillen.de\/at\/wp-json\/wp\/v2\/media?parent=7065"}],"wp:term":[{"taxonomy":"product_brand","embeddable":true,"href":"https:\/\/rave-brillen.de\/at\/wp-json\/wp\/v2\/product_brand?post=7065"},{"taxonomy":"product_cat","embeddable":true,"href":"https:\/\/rave-brillen.de\/at\/wp-json\/wp\/v2\/product_cat?post=7065"},{"taxonomy":"product_tag","embeddable":true,"href":"https:\/\/rave-brillen.de\/at\/wp-json\/wp\/v2\/product_tag?post=7065"}],"curies":[{"name":"wp","href":"https:\/\/api.w.org\/{rel}","templated":true}]}}