{"id":7704,"date":"2026-02-23T22:22:18","date_gmt":"2026-02-23T21:22:18","guid":{"rendered":"https:\/\/rave-brillen.de\/shop\/rave-buds\/"},"modified":"2026-02-23T22:22:18","modified_gmt":"2026-02-23T21:22:18","slug":"rave-buds","status":"publish","type":"product","link":"https:\/\/rave-brillen.de\/at\/shop\/rave-buds\/","title":{"rendered":"Rave Buds"},"content":{"rendered":"<p><strong>Lauter Sound geh\u00f6rt zum Rave. H\u00f6rsch\u00e4den nicht.<\/strong><br \/>\nUnsere In-Ear Ohrst\u00f6psel sch\u00fctzen deine Ohren effektiv \u2013 ohne dir die Musik zu nehmen.<\/p>\n<p><strong>Der integrierte Akustik-Filter reduziert den Schalldruck um bis zu 31 dB<\/strong>, l\u00e4sst dabei aber Musik und Stimmen klar durch. Keine dumpfen H\u00f6hen, kein Watte-Gef\u00fchl. B\u00e4sse bleiben sp\u00fcrbar, Sets bleiben lebendig, Gespr\u00e4che mit deiner Crew bleiben m\u00f6glich.<\/p>\n<p><strong>Das weiche, flexible Material sorgt f\u00fcr angenehmen Tragekomfort<\/strong> \u2013 auch \u00fcber viele Stunden im Club oder auf dem Festival. Dank ergonomischem In-Ear-Design sitzen die St\u00f6psel sicher und unauff\u00e4llig im Ohr, ohne zu verrutschen.<\/p>\n<p>Geliefert werden sie in einem robusten Aluminium-Case \u2013 stabil, hochwertig und perfekt f\u00fcr unterwegs.<\/p>\n<p><strong>Deine Vorteile auf einen Blick:<\/strong><\/p>\n<ul>\n<li>Bis zu 31 dB Schallreduzierung<\/li>\n<li>Klare Klangqualit\u00e4t trotz Schutz<\/li>\n<li>Verst\u00e4ndliche Sprach\u00fcbertragung<\/li>\n<li>Weiches Material f\u00fcr hohen Komfort<\/li>\n<li>Sicherer, ergonomischer In-Ear Fit<\/li>\n<li>Robustes Aluminium-Case<\/li>\n<li>Wiederverwendbar &amp; langlebig<\/li>\n<\/ul>\n","protected":false},"excerpt":{"rendered":"<p>Lauter Sound geh\u00f6rt zum Rave. H\u00f6rsch\u00e4den nicht. Unsere In-Ear Ohrst\u00f6psel sch\u00fctzen deine Ohren effektiv \u2013 ohne dir die Musik zu nehmen. Der integrierte Akustik-Filter reduziert den Schalldruck um bis zu 31 dB, l\u00e4sst dabei aber Musik und Stimmen klar durch. Keine dumpfen H\u00f6hen, kein Watte-Gef\u00fchl. B\u00e4sse bleiben sp\u00fcrbar, Sets bleiben lebendig, Gespr\u00e4che mit deiner Crew [&hellip;]<\/p>\n","protected":false},"featured_media":7682,"template":"","meta":{"site-sidebar-layout":"default","site-content-layout":"","ast-site-content-layout":"default","site-content-style":"default","site-sidebar-style":"default","ast-global-header-display":"","ast-banner-title-visibility":"","ast-main-header-display":"","ast-hfb-above-header-display":"","ast-hfb-below-header-display":"","ast-hfb-mobile-header-display":"","site-post-title":"","ast-breadcrumbs-content":"","ast-featured-img":"","footer-sml-layout":"","ast-disable-related-posts":"","theme-transparent-header-meta":"default","adv-header-id-meta":"","stick-header-meta":"default","header-above-stick-meta":"","header-main-stick-meta":"","header-below-stick-meta":"","astra-migrate-meta-layouts":"default","ast-page-background-enabled":"default","ast-page-background-meta":{"desktop":{"background-color":"","background-image":"","background-repeat":"repeat","background-position":"center center","background-size":"auto","background-attachment":"scroll","background-type":"","background-media":"","overlay-type":"","overlay-color":"","overlay-opacity":"","overlay-gradient":""},"tablet":{"background-color":"","background-image":"","background-repeat":"repeat","background-position":"center center","background-size":"auto","background-attachment":"scroll","background-type":"","background-media":"","overlay-type":"","overlay-color":"","overlay-opacity":"","overlay-gradient":""},"mobile":{"background-color":"","background-image":"","background-repeat":"repeat","background-position":"center center","background-size":"auto","background-attachment":"scroll","background-type":"","background-media":"","overlay-type":"","overlay-color":"","overlay-opacity":"","overlay-gradient":""}},"ast-content-background-meta":{"desktop":{"background-color":"var(--ast-global-color-5)","background-image":"","background-repeat":"repeat","background-position":"center center","background-size":"auto","background-attachment":"scroll","background-type":"","background-media":"","overlay-type":"","overlay-color":"","overlay-opacity":"","overlay-gradient":""},"tablet":{"background-color":"var(--ast-global-color-5)","background-image":"","background-repeat":"repeat","background-position":"center center","background-size":"auto","background-attachment":"scroll","background-type":"","background-media":"","overlay-type":"","overlay-color":"","overlay-opacity":"","overlay-gradient":""},"mobile":{"background-color":"var(--ast-global-color-5)","background-image":"","background-repeat":"repeat","background-position":"center center","background-size":"auto","background-attachment":"scroll","background-type":"","background-media":"","overlay-type":"","overlay-color":"","overlay-opacity":"","overlay-gradient":""}}},"product_brand":[],"product_cat":[333],"product_tag":[],"class_list":{"0":"post-7704","1":"product","2":"type-product","3":"status-publish","4":"has-post-thumbnail","6":"product_cat-zubehoer","7":"desktop-align-left","8":"tablet-align-left","9":"mobile-align-left","10":"ast-product-gallery-layout-horizontal-slider","11":"ast-product-tabs-layout-horizontal","12":"ast-qv-on-image","14":"first","15":"instock","16":"sale","17":"taxable","18":"shipping-taxable","19":"purchasable","20":"product-type-simple"},"yoast_head":"<title>Rave Buds - Rave Brillen Shop<\/title>\n<meta name=\"robots\" content=\"index, follow, max-snippet:-1, max-image-preview:large, max-video-preview:-1\" \/>\n<link rel=\"canonical\" href=\"https:\/\/rave-brillen.de\/at\/shop\/rave-buds\/\" \/>\n<meta property=\"og:locale\" content=\"de_DE\" \/>\n<meta property=\"og:type\" content=\"article\" \/>\n<meta property=\"og:title\" content=\"Rave Buds - Rave Brillen Shop\" \/>\n<meta property=\"og:description\" content=\"Lauter Sound geh\u00f6rt zum Rave. H\u00f6rsch\u00e4den nicht. Unsere In-Ear Ohrst\u00f6psel sch\u00fctzen deine Ohren effektiv \u2013 ohne dir die Musik zu nehmen. Der integrierte Akustik-Filter reduziert den Schalldruck um bis zu 31 dB, l\u00e4sst dabei aber Musik und Stimmen klar durch. Keine dumpfen H\u00f6hen, kein Watte-Gef\u00fchl. B\u00e4sse bleiben sp\u00fcrbar, Sets bleiben lebendig, Gespr\u00e4che mit deiner Crew [&hellip;]\" \/>\n<meta property=\"og:url\" content=\"https:\/\/rave-brillen.de\/at\/shop\/rave-buds\/\" \/>\n<meta property=\"og:site_name\" content=\"Rave Brillen Shop\" \/>\n<meta property=\"og:image\" content=\"https:\/\/rave-brillen.de\/wp-content\/uploads\/2026\/02\/RaveBuds_mit-case_frontal.jpg\" \/>\n\t<meta property=\"og:image:width\" content=\"799\" \/>\n\t<meta property=\"og:image:height\" content=\"799\" \/>\n\t<meta property=\"og:image:type\" content=\"image\/jpeg\" \/>\n<meta name=\"twitter:card\" content=\"summary_large_image\" \/>\n<meta name=\"twitter:label1\" content=\"Gesch\u00e4tzte Lesezeit\" \/>\n\t<meta name=\"twitter:data1\" content=\"1 Minute\" \/>\n<script type=\"application\/ld+json\" class=\"yoast-schema-graph\">{\"@context\":\"https:\\\/\\\/schema.org\",\"@graph\":[{\"@type\":\"WebPage\",\"@id\":\"https:\\\/\\\/rave-brillen.de\\\/at\\\/shop\\\/rave-buds\\\/\",\"url\":\"https:\\\/\\\/rave-brillen.de\\\/at\\\/shop\\\/rave-buds\\\/\",\"name\":\"Rave Buds - Rave Brillen Shop\",\"isPartOf\":{\"@id\":\"https:\\\/\\\/rave-brillen.de\\\/at\\\/#website\"},\"primaryImageOfPage\":{\"@id\":\"https:\\\/\\\/rave-brillen.de\\\/at\\\/shop\\\/rave-buds\\\/#primaryimage\"},\"image\":{\"@id\":\"https:\\\/\\\/rave-brillen.de\\\/at\\\/shop\\\/rave-buds\\\/#primaryimage\"},\"thumbnailUrl\":\"https:\\\/\\\/rave-brillen.de\\\/wp-content\\\/uploads\\\/2026\\\/02\\\/RaveBuds_mit-case_frontal.jpg\",\"datePublished\":\"2026-02-23T21:22:18+00:00\",\"breadcrumb\":{\"@id\":\"https:\\\/\\\/rave-brillen.de\\\/at\\\/shop\\\/rave-buds\\\/#breadcrumb\"},\"inLanguage\":\"de-AT\",\"potentialAction\":[{\"@type\":\"ReadAction\",\"target\":[\"https:\\\/\\\/rave-brillen.de\\\/at\\\/shop\\\/rave-buds\\\/\"]}]},{\"@type\":\"ImageObject\",\"inLanguage\":\"de-AT\",\"@id\":\"https:\\\/\\\/rave-brillen.de\\\/at\\\/shop\\\/rave-buds\\\/#primaryimage\",\"url\":\"https:\\\/\\\/rave-brillen.de\\\/wp-content\\\/uploads\\\/2026\\\/02\\\/RaveBuds_mit-case_frontal.jpg\",\"contentUrl\":\"https:\\\/\\\/rave-brillen.de\\\/wp-content\\\/uploads\\\/2026\\\/02\\\/RaveBuds_mit-case_frontal.jpg\",\"width\":799,\"height\":799},{\"@type\":\"BreadcrumbList\",\"@id\":\"https:\\\/\\\/rave-brillen.de\\\/at\\\/shop\\\/rave-buds\\\/#breadcrumb\",\"itemListElement\":[{\"@type\":\"ListItem\",\"position\":1,\"name\":\"Startseite\",\"item\":\"https:\\\/\\\/rave-brillen.de\\\/at\\\/\"},{\"@type\":\"ListItem\",\"position\":2,\"name\":\"Shop\",\"item\":\"https:\\\/\\\/rave-brillen.de\\\/at\\\/shop\\\/\"},{\"@type\":\"ListItem\",\"position\":3,\"name\":\"Rave Buds\"}]},{\"@type\":\"WebSite\",\"@id\":\"https:\\\/\\\/rave-brillen.de\\\/at\\\/#website\",\"url\":\"https:\\\/\\\/rave-brillen.de\\\/at\\\/\",\"name\":\"Rave Brillen Shop\",\"description\":\"\",\"publisher\":{\"@id\":\"https:\\\/\\\/rave-brillen.de\\\/at\\\/#organization\"},\"alternateName\":\"Rave Brillen Online Shop\",\"potentialAction\":[{\"@type\":\"SearchAction\",\"target\":{\"@type\":\"EntryPoint\",\"urlTemplate\":\"https:\\\/\\\/rave-brillen.de\\\/at\\\/?s={search_term_string}\"},\"query-input\":{\"@type\":\"PropertyValueSpecification\",\"valueRequired\":true,\"valueName\":\"search_term_string\"}}],\"inLanguage\":\"de-AT\"},{\"@type\":\"Organization\",\"@id\":\"https:\\\/\\\/rave-brillen.de\\\/at\\\/#organization\",\"name\":\"Rave Brillen Shop\",\"alternateName\":\"Rave Brillen Shop\",\"url\":\"https:\\\/\\\/rave-brillen.de\\\/at\\\/\",\"logo\":{\"@type\":\"ImageObject\",\"inLanguage\":\"de-AT\",\"@id\":\"https:\\\/\\\/rave-brillen.de\\\/at\\\/#\\\/schema\\\/logo\\\/image\\\/\",\"url\":\"https:\\\/\\\/rave-brillen.de\\\/wp-content\\\/uploads\\\/2023\\\/11\\\/cropped-logo-v3.png\",\"contentUrl\":\"https:\\\/\\\/rave-brillen.de\\\/wp-content\\\/uploads\\\/2023\\\/11\\\/cropped-logo-v3.png\",\"width\":512,\"height\":512,\"caption\":\"Rave Brillen Shop\"},\"image\":{\"@id\":\"https:\\\/\\\/rave-brillen.de\\\/at\\\/#\\\/schema\\\/logo\\\/image\\\/\"}}]}<\/script>","yoast_head_json":{"title":"Rave Buds - Rave Brillen Shop","robots":{"index":"index","follow":"follow","max-snippet":"max-snippet:-1","max-image-preview":"max-image-preview:large","max-video-preview":"max-video-preview:-1"},"canonical":"https:\/\/rave-brillen.de\/at\/shop\/rave-buds\/","og_locale":"de_DE","og_type":"article","og_title":"Rave Buds - Rave Brillen Shop","og_description":"Lauter Sound geh\u00f6rt zum Rave. H\u00f6rsch\u00e4den nicht. Unsere In-Ear Ohrst\u00f6psel sch\u00fctzen deine Ohren effektiv \u2013 ohne dir die Musik zu nehmen. Der integrierte Akustik-Filter reduziert den Schalldruck um bis zu 31 dB, l\u00e4sst dabei aber Musik und Stimmen klar durch. Keine dumpfen H\u00f6hen, kein Watte-Gef\u00fchl. B\u00e4sse bleiben sp\u00fcrbar, Sets bleiben lebendig, Gespr\u00e4che mit deiner Crew [&hellip;]","og_url":"https:\/\/rave-brillen.de\/at\/shop\/rave-buds\/","og_site_name":"Rave Brillen Shop","og_image":[{"width":799,"height":799,"url":"https:\/\/rave-brillen.de\/wp-content\/uploads\/2026\/02\/RaveBuds_mit-case_frontal.jpg","type":"image\/jpeg"}],"twitter_card":"summary_large_image","twitter_misc":{"Gesch\u00e4tzte Lesezeit":"1 Minute"},"schema":{"@context":"https:\/\/schema.org","@graph":[{"@type":"WebPage","@id":"https:\/\/rave-brillen.de\/at\/shop\/rave-buds\/","url":"https:\/\/rave-brillen.de\/at\/shop\/rave-buds\/","name":"Rave Buds - Rave Brillen Shop","isPartOf":{"@id":"https:\/\/rave-brillen.de\/at\/#website"},"primaryImageOfPage":{"@id":"https:\/\/rave-brillen.de\/at\/shop\/rave-buds\/#primaryimage"},"image":{"@id":"https:\/\/rave-brillen.de\/at\/shop\/rave-buds\/#primaryimage"},"thumbnailUrl":"https:\/\/rave-brillen.de\/wp-content\/uploads\/2026\/02\/RaveBuds_mit-case_frontal.jpg","datePublished":"2026-02-23T21:22:18+00:00","breadcrumb":{"@id":"https:\/\/rave-brillen.de\/at\/shop\/rave-buds\/#breadcrumb"},"inLanguage":"de-AT","potentialAction":[{"@type":"ReadAction","target":["https:\/\/rave-brillen.de\/at\/shop\/rave-buds\/"]}]},{"@type":"ImageObject","inLanguage":"de-AT","@id":"https:\/\/rave-brillen.de\/at\/shop\/rave-buds\/#primaryimage","url":"https:\/\/rave-brillen.de\/wp-content\/uploads\/2026\/02\/RaveBuds_mit-case_frontal.jpg","contentUrl":"https:\/\/rave-brillen.de\/wp-content\/uploads\/2026\/02\/RaveBuds_mit-case_frontal.jpg","width":799,"height":799},{"@type":"BreadcrumbList","@id":"https:\/\/rave-brillen.de\/at\/shop\/rave-buds\/#breadcrumb","itemListElement":[{"@type":"ListItem","position":1,"name":"Startseite","item":"https:\/\/rave-brillen.de\/at\/"},{"@type":"ListItem","position":2,"name":"Shop","item":"https:\/\/rave-brillen.de\/at\/shop\/"},{"@type":"ListItem","position":3,"name":"Rave Buds"}]},{"@type":"WebSite","@id":"https:\/\/rave-brillen.de\/at\/#website","url":"https:\/\/rave-brillen.de\/at\/","name":"Rave Brillen Shop","description":"","publisher":{"@id":"https:\/\/rave-brillen.de\/at\/#organization"},"alternateName":"Rave Brillen Online Shop","potentialAction":[{"@type":"SearchAction","target":{"@type":"EntryPoint","urlTemplate":"https:\/\/rave-brillen.de\/at\/?s={search_term_string}"},"query-input":{"@type":"PropertyValueSpecification","valueRequired":true,"valueName":"search_term_string"}}],"inLanguage":"de-AT"},{"@type":"Organization","@id":"https:\/\/rave-brillen.de\/at\/#organization","name":"Rave Brillen Shop","alternateName":"Rave Brillen Shop","url":"https:\/\/rave-brillen.de\/at\/","logo":{"@type":"ImageObject","inLanguage":"de-AT","@id":"https:\/\/rave-brillen.de\/at\/#\/schema\/logo\/image\/","url":"https:\/\/rave-brillen.de\/wp-content\/uploads\/2023\/11\/cropped-logo-v3.png","contentUrl":"https:\/\/rave-brillen.de\/wp-content\/uploads\/2023\/11\/cropped-logo-v3.png","width":512,"height":512,"caption":"Rave Brillen Shop"},"image":{"@id":"https:\/\/rave-brillen.de\/at\/#\/schema\/logo\/image\/"}}]}},"jetpack_sharing_enabled":true,"_links":{"self":[{"href":"https:\/\/rave-brillen.de\/at\/wp-json\/wp\/v2\/product\/7704","targetHints":{"allow":["GET"]}}],"collection":[{"href":"https:\/\/rave-brillen.de\/at\/wp-json\/wp\/v2\/product"}],"about":[{"href":"https:\/\/rave-brillen.de\/at\/wp-json\/wp\/v2\/types\/product"}],"wp:featuredmedia":[{"embeddable":true,"href":"https:\/\/rave-brillen.de\/at\/wp-json\/wp\/v2\/media\/7682"}],"wp:attachment":[{"href":"https:\/\/rave-brillen.de\/at\/wp-json\/wp\/v2\/media?parent=7704"}],"wp:term":[{"taxonomy":"product_brand","embeddable":true,"href":"https:\/\/rave-brillen.de\/at\/wp-json\/wp\/v2\/product_brand?post=7704"},{"taxonomy":"product_cat","embeddable":true,"href":"https:\/\/rave-brillen.de\/at\/wp-json\/wp\/v2\/product_cat?post=7704"},{"taxonomy":"product_tag","embeddable":true,"href":"https:\/\/rave-brillen.de\/at\/wp-json\/wp\/v2\/product_tag?post=7704"}],"curies":[{"name":"wp","href":"https:\/\/api.w.org\/{rel}","templated":true}]}}