{"id":6892,"date":"2023-08-09T13:53:30","date_gmt":"2023-08-09T11:53:30","guid":{"rendered":"https:\/\/rave-brillen.de\/agb\/"},"modified":"2025-11-26T12:21:18","modified_gmt":"2025-11-26T11:21:18","slug":"agb","status":"publish","type":"page","link":"https:\/\/rave-brillen.de\/ch\/agb\/","title":{"rendered":"AGB"},"content":{"rendered":"\t\t<div data-elementor-type=\"wp-page\" data-elementor-id=\"6892\" class=\"elementor elementor-6892 elementor-3863\" data-elementor-post-type=\"page\">\n\t\t\t\t<div class=\"elementor-element elementor-element-a7fe20f e-flex e-con-boxed e-con e-parent\" data-id=\"a7fe20f\" data-element_type=\"container\" data-e-type=\"container\">\n\t\t\t\t\t<div class=\"e-con-inner\">\n\t\t\t\t<div class=\"elementor-element elementor-element-9248870 elementor-widget elementor-widget-heading\" data-id=\"9248870\" data-element_type=\"widget\" data-e-type=\"widget\" data-widget_type=\"heading.default\">\n\t\t\t\t<div class=\"elementor-widget-container\">\n\t\t\t\t\t<h1 class=\"elementor-heading-title elementor-size-default\">Allgemeine Gesch\u00e4ftsbedingungen<\/h1>\t\t\t\t<\/div>\n\t\t\t\t<\/div>\n\t\t\t\t<div class=\"elementor-element elementor-element-9828f4e elementor-widget elementor-widget-text-editor\" data-id=\"9828f4e\" data-element_type=\"widget\" data-e-type=\"widget\" data-widget_type=\"text-editor.default\">\n\t\t\t\t<div class=\"elementor-widget-container\">\n\t\t\t\t\t\t\t\t\t<p>(Stand: 26.11.2025)<\/p>\t\t\t\t\t\t\t\t<\/div>\n\t\t\t\t<\/div>\n\t\t\t\t<div class=\"elementor-element elementor-element-0b4768d elementor-widget elementor-widget-text-editor\" data-id=\"0b4768d\" data-element_type=\"widget\" data-e-type=\"widget\" data-widget_type=\"text-editor.default\">\n\t\t\t\t<div class=\"elementor-widget-container\">\n\t\t\t\t\t\t\t\t\t<h3>1. Anwendungsbereich<\/h3><p>Die hier aufgef\u00fchrten allgemeinen Gesch\u00e4ftsbedingungen (fortan \u201eAGB\u201c genannt) bilden die Basis f\u00fcr s\u00e4mtliche Angebote, Dienstleistungen und Lieferungen von Rave Brillen Shop, Inhaber Marvin G\u00f6lz (im Folgenden \u201ewir\u201c oder \u201euns\u201c) \u00fcber unsere Webseiten, Onlineshops und mobile Applikationen (Apps). Die jeweils neueste Version der AGB kommt zur Anwendung. Durch das Aufgeben Ihrer Bestellung erkennen Sie diese AGB an.  <\/p><h3>2. Vertragspartner und Anbieter<\/h3><p>Ihr Vertragspartner und Anbieter ist<\/p><p>Rave Brillen Shop<br>Inhaber Marvin G\u00f6lz<br>Max-Planck-Stra\u00dfe 6<br>D-60437 Frankfurt am Main<\/p><p>Umsatzsteuer-Identifikationsnummer: DE366389599<\/p><p>Kontakt f\u00fcr Kundenservice:<br>E-Mail: <a href=\"mailto:shop@rave-brillen.de\" target=\"_new\">shop@rave-brillen.de<\/a><\/p><h3>3. Zustandekommen des Vertrages<\/h3><p>Unser Warenangebot stellt eine unverbindliche Aufforderung an Sie dar, in unserem Onlineshop Waren zu bestellen. Vor dem Absenden Ihrer Bestellung erhalten Sie eine Zusammenfassung aller relevanten Bestelldaten zur \u00dcberpr\u00fcfung. <\/p><p>Ein verbindliches Kaufangebot geben Sie ab, sobald Sie den Bestellvorgang \u00fcber die entsprechende Schaltfl\u00e4che abschlie\u00dfen (z. B. \u201eJetzt kaufen\u201c). Wir best\u00e4tigen den Eingang Ihres Angebots umgehend per E-Mail. Diese Best\u00e4tigung bedeutet noch keine Annahme Ihres Kaufangebots. Ein Kaufvertrag kommt erst zustande, wenn wir den Versand der Ware per E-Mail best\u00e4tigen oder die Ware absenden \u2013 dies erfolgt innerhalb von 14 Tagen.   <\/p><h3>4. Lieferbedingungen und Einschr\u00e4nkungen<\/h3><p>Die Auslieferung der Ware erfolgt nach unseren Lieferzeitangaben. Sollten sich Verz\u00f6gerungen ergeben oder Produkte unerwartet nicht verf\u00fcgbar sein, informieren wir Sie umgehend. Teilsendungen sind m\u00f6glich, sofern diese Ihnen zumutbar sind.  <\/p><p><strong>Lieferung nach Deutschland und innerhalb der Europ\u00e4ischen Union (insbesondere \u00d6sterreich)<\/strong><\/p><p>Lieferungen nach \u00d6sterreich erfolgen regul\u00e4r innerhalb der Europ\u00e4ischen Union. Es fallen keine Zollgeb\u00fchren oder Einfuhrabgaben an. Da unser Jahresumsatz mit EU-Auslandslieferungen unter der EU-Lieferschwelle (10.000 \u20ac) liegt, berechnen wir f\u00fcr Lieferungen nach \u00d6sterreich weiterhin die deutsche Mehrwertsteuer (19 %). Die Preise entsprechen daher den in Deutschland ausgewiesenen Bruttopreisen.   <\/p><p><strong>Lieferung in die Schweiz<\/strong><\/p><p>Bei Lieferungen in die Schweiz erfolgt der Versand netto, ohne deutsche Mehrwertsteuer. Zollabgaben, Einfuhrumsatzsteuer (derzeit 7,7 %) sowie etwaige Bearbeitungsgeb\u00fchren der Schweizer Post oder des Transportdienstleisters gehen zu Lasten des Empf\u00e4ngers. Die Verzollung erfolgt durch den jeweiligen Transportdienstleister im Auftrag des Empf\u00e4ngers. Die Lieferzeiten k\u00f6nnen sich aufgrund der Zollabwicklung verl\u00e4ngern.   <\/p><h3>5. Preise, Versandkosten und Zahlungsmodalit\u00e4ten<\/h3><p>Alle Preise sind Endpreise inklusive Mehrwertsteuer, sofern die Lieferung innerhalb der Europ\u00e4ischen Union erfolgt.<\/p><p><strong>Lieferungen nach Deutschland und \u00d6sterreich<\/strong><\/p><p>F\u00fcr Bestellungen nach Deutschland und \u00d6sterreich gelten die in unserem Onlineshop ausgewiesenen Bruttopreise inklusive 19 % deutscher Mehrwertsteuer. Die Besteuerung erfolgt gem\u00e4\u00df \u00a7 3c UStG, da wir unter der EU-Lieferschwelle (10.000 \u20ac) bleiben. <\/p><p><strong>Lieferungen in die Schweiz<\/strong><\/p><p>Lieferungen in die Schweiz werden netto (ohne deutsche MwSt.) berechnet. Die Besteuerung findet im Rahmen der Einfuhr durch die Schweizer Beh\u00f6rden statt (steuerfreie Ausfuhrlieferung gem\u00e4\u00df \u00a7 4 Nr. 1a UStG). Die im Bestellprozess angezeigten Preise f\u00fcr Schweizer Kunden verstehen sich daher ohne deutsche Umsatzsteuer. Einfuhrumsatzsteuer und etwaige Zoll- oder Abwicklungsgeb\u00fchren tr\u00e4gt der Empf\u00e4nger.   <\/p><p>F\u00fcr den Versand von Produkten betr\u00e4gt die Versandpauschale 4,90 Euro, ab einem Bestellwert von 35,00 Euro liefern wir innerhalb Deutschlands versandkostenfrei. F\u00fcr Lieferungen au\u00dferhalb Deutschlands k\u00f6nnen abweichende Versandkosten gelten; diese werden im Bestellprozess angezeigt. <\/p><p>Zahlungsoptionen sind:<\/p><ul><li><strong>Kreditkarte:<\/strong> Keine zus\u00e4tzlichen Geb\u00fchren. Der Betrag wird reserviert und erst mit dem Versand belastet. <\/li><li><strong>PayPal:<\/strong> Ohne Geb\u00fchren. Die Zahlung erfolgt sofort. <\/li><li><strong>Direkte Bank\u00fcberweisung:<\/strong> Zahlbar sofort nach Bestellung. Die Bestellung wird verschickt, sobald der Geldeingang auf der Bank verzeichnet wird. <\/li><\/ul><p>Die Ware bleibt bis zur vollst\u00e4ndigen Bezahlung Eigentum des Rave Brillen Shop, Inhaber Marvin G\u00f6lz.<\/p><h3>6. Bestellung stornieren<\/h3><p>Sie k\u00f6nnen Ihre Bestellung vor Versand jederzeit stornieren, indem Sie unseren Kundenservice kontaktieren. Eine Stornierung wird als Widerruf behandelt, weitere Details hierzu finden Sie unter Punkt 11. <\/p><h3>7. Gew\u00e4hrleistung und M\u00e4ngelhaftung<\/h3><p>Es gelten die gesetzlichen Rechte bei M\u00e4ngeln der Kaufsache.<\/p><h3>8. Datenschutz<\/h3><p>Details zum Umgang mit Ihren personenbezogenen Daten finden Sie in unseren <a href=\"https:\/\/rave-brillen.de\/ch\/datenschutzerklaerung\/\" target=\"_blank\" rel=\"noopener\">Datenschutzrichtlinien<\/a>.<\/p><h3>9. Verbraucherschlichtung<\/h3><p>Informationen zur Online-Streitbeilegung der EU finden Sie unter <a href=\"https:\/\/ec.europa.eu\/odr\" target=\"_new\" target=\"_blank\" rel=\"noopener noreferrer nofollow\">https:\/\/ec.europa.eu\/odr<\/a>. Eine Teilnahme an einem Streitbeilegungsverfahren lehnen wir ab.<\/p><h3 id=\"widerruf\">10. Anwendbares Recht<\/h3><p>Auf diesen Vertrag findet das Recht der Bundesrepublik Deutschland Anwendung unter Ausschluss des UN-Kaufrechts.<\/p><p>F\u00fcr Verbraucher mit Wohnsitz in \u00d6sterreich oder der Schweiz gelten die zwingenden gesetzlichen Verbraucherschutzbestimmungen des jeweiligen Landes zus\u00e4tzlich.<\/p><h3>11. Widerrufsrecht<\/h3><p>Sie haben das Recht, binnen vierzehn Tagen ohne Angabe von Gr\u00fcnden diesen Vertrag zu widerrufen. Dieses Widerrufsrecht gew\u00e4hren wir Verbrauchern mit Wohnsitz in Deutschland, \u00d6sterreich und der Schweiz gleicherma\u00dfen. <\/p><p>Die Widerrufsfrist betr\u00e4gt vierzehn Tage ab dem Tag, an dem Sie oder ein von Ihnen benannter Dritter, der nicht der Bef\u00f6rderer ist, die Waren in Besitz genommen haben bzw. hat.<\/p><p>Um Ihr Widerrufsrecht auszu\u00fcben, m\u00fcssen Sie uns (Rave Brillen Shop, Max-Planck-Stra\u00dfe 6, D-60437 Frankfurt, E-Mail: <a href=\"mailto:shop@rave-brillen.de\">shop@rave-brillen.de<\/a>) mittels einer eindeutigen Erkl\u00e4rung (z. B. ein mit der Post versandter Brief oder E-Mail) \u00fcber Ihren Entschluss, diesen Vertrag zu widerrufen, informieren. Sie k\u00f6nnen daf\u00fcr das beigef\u00fcgte Muster-Widerrufsformular verwenden, das jedoch nicht vorgeschrieben ist.<\/p><p><strong>Muster-Widerrufsformular<\/strong><\/p><p>Wenn Sie den Vertrag widerrufen wollen, dann f\u00fcllen Sie bitte dieses Formular aus und senden Sie es zur\u00fcck.<\/p><hr><p><strong style=\"font-style: inherit; text-align: var(--text-align); background-color: var( --e-global-color-3d936270 );\"> <\/strong><\/p><p><strong style=\"font-style: inherit; text-align: var(--text-align); background-color: var( --e-global-color-3d936270 );\">An:<\/strong><\/p><p>Rave Brillen Shop<br>Max-Planck-Stra\u00dfe 6, 60437 Frankfurt<br><a href=\"mailto:shop@rave-brillen.de\">shop@rave-brillen.de<\/a><\/p><p><strong>Hiermit widerrufe(n) ich\/wir<\/strong> den von mir\/uns abgeschlossenen Vertrag \u00fcber den Kauf der folgenden Waren:<\/p><ul><li>Bestellt am: [Datum]<\/li><li>Erhalten am: [Datum]<\/li><li>Name des Verbrauchers\/der Verbraucher:<\/li><li>Anschrift des Verbrauchers\/der Verbraucher:<\/li><li>Unterschrift des\/der Verbraucher(s) (nur bei Mitteilung auf Papier):<\/li><\/ul><p>Datum: [Datum]<\/p><hr><p><strong> <\/strong><\/p><p><strong>Hinweise:<\/strong><\/p><ul><li>Sie k\u00f6nnen das Formular per Post, Fax oder E-Mail an uns senden.<\/li><li>Der Widerruf ist innerhalb von 14 Tagen nach Erhalt der Ware m\u00f6glich.<\/li><li>Die R\u00fccksendung der Ware erfolgt auf Ihre Kosten, es sei denn, die Ware ist mangelhaft oder fehlerhaft.<\/li><\/ul><p>Zur Wahrung der Widerrufsfrist reicht es aus, dass Sie die Mitteilung \u00fcber die Aus\u00fcbung des Widerrufsrechts vor Ablauf der Widerrufsfrist absenden.<br>Wenn Sie diesen Vertrag widerrufen, haben wir Ihnen alle Zahlungen, die wir von Ihnen erhalten haben, einschlie\u00dflich der Lieferkosten (mit Ausnahme der zus\u00e4tzlichen Kosten, die sich daraus ergeben, dass Sie eine andere Art der Lieferung als die von uns angebotene, g\u00fcnstigste Standardlieferung gew\u00e4hlt haben), unverz\u00fcglich und sp\u00e4testens binnen vierzehn Tagen ab dem Tag zur\u00fcckzuzahlen, an dem die Mitteilung \u00fcber Ihren Widerruf dieses Vertrags bei uns eingegangen ist. F\u00fcr diese R\u00fcckzahlung verwenden wir dasselbe Zahlungsmittel, das Sie bei der urspr\u00fcnglichen Transaktion eingesetzt haben, es sei denn, mit Ihnen wurde ausdr\u00fccklich etwas anderes vereinbart; in keinem Fall werden Ihnen wegen dieser R\u00fcckzahlung Entgelte berechnet. Wir k\u00f6nnen die R\u00fcckzahlung verweigern, bis wir die Waren wieder zur\u00fcckerhalten haben oder bis Sie den Nachweis erbracht haben, dass Sie die Waren zur\u00fcckgesandt haben, je nachdem, welches der fr\u00fchere Zeitpunkt ist.<\/p><p>Sie haben die Waren unverz\u00fcglich und in jedem Fall sp\u00e4testens binnen vierzehn Tagen ab dem Tag, an dem Sie uns \u00fcber den Widerruf dieses Vertrags unterrichten, an uns zur\u00fcckzusenden oder zu \u00fcbergeben. Die Frist ist gewahrt, wenn Sie die Waren vor Ablauf der Frist von vierzehn Tagen absenden.<\/p>\t\t\t\t\t\t\t\t<\/div>\n\t\t\t\t<\/div>\n\t\t\t\t\t<\/div>\n\t\t\t\t<\/div>\n\t\t\t\t<\/div>\n\t\t","protected":false},"excerpt":{"rendered":"<p>Allgemeine Gesch\u00e4ftsbedingungen (Stand: 26.11.2025) 1. Anwendungsbereich Die hier aufgef\u00fchrten allgemeinen Gesch\u00e4ftsbedingungen (fortan \u201eAGB\u201c genannt) bilden die Basis f\u00fcr s\u00e4mtliche Angebote, Dienstleistungen und Lieferungen von Rave Brillen Shop, Inhaber Marvin G\u00f6lz (im Folgenden \u201ewir\u201c oder \u201euns\u201c) \u00fcber unsere Webseiten, Onlineshops und mobile Applikationen (Apps). Die jeweils neueste Version der AGB kommt zur Anwendung. Durch das Aufgeben [&hellip;]<\/p>\n","protected":false},"author":1,"featured_media":0,"parent":0,"menu_order":0,"comment_status":"closed","ping_status":"closed","template":"","meta":{"site-sidebar-layout":"no-sidebar","site-content-layout":"page-builder","ast-site-content-layout":"full-width-container","site-content-style":"default","site-sidebar-style":"default","ast-global-header-display":"","ast-banner-title-visibility":"","ast-main-header-display":"","ast-hfb-above-header-display":"","ast-hfb-below-header-display":"","ast-hfb-mobile-header-display":"","site-post-title":"disabled","ast-breadcrumbs-content":"","ast-featured-img":"disabled","footer-sml-layout":"","ast-disable-related-posts":"","theme-transparent-header-meta":"","adv-header-id-meta":"","stick-header-meta":"","header-above-stick-meta":"","header-main-stick-meta":"","header-below-stick-meta":"","astra-migrate-meta-layouts":"default","ast-page-background-enabled":"default","ast-page-background-meta":{"desktop":{"background-color":"","background-image":"","background-repeat":"repeat","background-position":"center center","background-size":"auto","background-attachment":"scroll","background-type":"","background-media":"","overlay-type":"","overlay-color":"","overlay-opacity":"","overlay-gradient":""},"tablet":{"background-color":"","background-image":"","background-repeat":"repeat","background-position":"center center","background-size":"auto","background-attachment":"scroll","background-type":"","background-media":"","overlay-type":"","overlay-color":"","overlay-opacity":"","overlay-gradient":""},"mobile":{"background-color":"","background-image":"","background-repeat":"repeat","background-position":"center center","background-size":"auto","background-attachment":"scroll","background-type":"","background-media":"","overlay-type":"","overlay-color":"","overlay-opacity":"","overlay-gradient":""}},"ast-content-background-meta":{"desktop":{"background-color":"var(--ast-global-color-5)","background-image":"","background-repeat":"repeat","background-position":"center center","background-size":"auto","background-attachment":"scroll","background-type":"","background-media":"","overlay-type":"","overlay-color":"","overlay-opacity":"","overlay-gradient":""},"tablet":{"background-color":"var(--ast-global-color-5)","background-image":"","background-repeat":"repeat","background-position":"center center","background-size":"auto","background-attachment":"scroll","background-type":"","background-media":"","overlay-type":"","overlay-color":"","overlay-opacity":"","overlay-gradient":""},"mobile":{"background-color":"var(--ast-global-color-5)","background-image":"","background-repeat":"repeat","background-position":"center center","background-size":"auto","background-attachment":"scroll","background-type":"","background-media":"","overlay-type":"","overlay-color":"","overlay-opacity":"","overlay-gradient":""}},"footnotes":""},"class_list":["post-6892","page","type-page","status-publish","hentry"],"yoast_head":"<title>AGB - Rave Brillen Shop<\/title>\n<meta name=\"robots\" content=\"index, follow, max-snippet:-1, max-image-preview:large, max-video-preview:-1\" \/>\n<link rel=\"canonical\" href=\"https:\/\/rave-brillen.de\/ch\/agb\/\" \/>\n<meta property=\"og:locale\" content=\"de_DE\" \/>\n<meta property=\"og:type\" content=\"article\" \/>\n<meta property=\"og:title\" content=\"AGB - Rave Brillen Shop\" \/>\n<meta property=\"og:description\" content=\"Allgemeine Gesch\u00e4ftsbedingungen (Stand: 26.11.2025) 1. Anwendungsbereich Die hier aufgef\u00fchrten allgemeinen Gesch\u00e4ftsbedingungen (fortan \u201eAGB\u201c genannt) bilden die Basis f\u00fcr s\u00e4mtliche Angebote, Dienstleistungen und Lieferungen von Rave Brillen Shop, Inhaber Marvin G\u00f6lz (im Folgenden \u201ewir\u201c oder \u201euns\u201c) \u00fcber unsere Webseiten, Onlineshops und mobile Applikationen (Apps). Die jeweils neueste Version der AGB kommt zur Anwendung. Durch das Aufgeben [&hellip;]\" \/>\n<meta property=\"og:url\" content=\"https:\/\/rave-brillen.de\/ch\/agb\/\" \/>\n<meta property=\"og:site_name\" content=\"Rave Brillen Shop\" \/>\n<meta property=\"article:modified_time\" content=\"2025-11-26T11:21:18+00:00\" \/>\n<meta name=\"twitter:card\" content=\"summary_large_image\" \/>\n<meta name=\"twitter:label1\" content=\"Gesch\u00e4tzte Lesezeit\" \/>\n\t<meta name=\"twitter:data1\" content=\"5\u00a0Minuten\" \/>\n<script type=\"application\/ld+json\" class=\"yoast-schema-graph\">{\"@context\":\"https:\\\/\\\/schema.org\",\"@graph\":[{\"@type\":\"WebPage\",\"@id\":\"https:\\\/\\\/rave-brillen.de\\\/ch\\\/agb\\\/\",\"url\":\"https:\\\/\\\/rave-brillen.de\\\/ch\\\/agb\\\/\",\"name\":\"AGB - Rave Brillen Shop\",\"isPartOf\":{\"@id\":\"https:\\\/\\\/rave-brillen.de\\\/ch\\\/#website\"},\"datePublished\":\"2023-08-09T11:53:30+00:00\",\"dateModified\":\"2025-11-26T11:21:18+00:00\",\"breadcrumb\":{\"@id\":\"https:\\\/\\\/rave-brillen.de\\\/ch\\\/agb\\\/#breadcrumb\"},\"inLanguage\":\"de-CH\",\"potentialAction\":[{\"@type\":\"ReadAction\",\"target\":[\"https:\\\/\\\/rave-brillen.de\\\/ch\\\/agb\\\/\"]}]},{\"@type\":\"BreadcrumbList\",\"@id\":\"https:\\\/\\\/rave-brillen.de\\\/ch\\\/agb\\\/#breadcrumb\",\"itemListElement\":[{\"@type\":\"ListItem\",\"position\":1,\"name\":\"Startseite\",\"item\":\"https:\\\/\\\/rave-brillen.de\\\/ch\\\/\"},{\"@type\":\"ListItem\",\"position\":2,\"name\":\"AGB\"}]},{\"@type\":\"WebSite\",\"@id\":\"https:\\\/\\\/rave-brillen.de\\\/ch\\\/#website\",\"url\":\"https:\\\/\\\/rave-brillen.de\\\/ch\\\/\",\"name\":\"Rave Brillen Shop\",\"description\":\"\",\"publisher\":{\"@id\":\"https:\\\/\\\/rave-brillen.de\\\/ch\\\/#organization\"},\"alternateName\":\"Rave Brillen Online Shop\",\"potentialAction\":[{\"@type\":\"SearchAction\",\"target\":{\"@type\":\"EntryPoint\",\"urlTemplate\":\"https:\\\/\\\/rave-brillen.de\\\/ch\\\/?s={search_term_string}\"},\"query-input\":{\"@type\":\"PropertyValueSpecification\",\"valueRequired\":true,\"valueName\":\"search_term_string\"}}],\"inLanguage\":\"de-CH\"},{\"@type\":\"Organization\",\"@id\":\"https:\\\/\\\/rave-brillen.de\\\/ch\\\/#organization\",\"name\":\"Rave Brillen Shop\",\"alternateName\":\"Rave Brillen Shop\",\"url\":\"https:\\\/\\\/rave-brillen.de\\\/ch\\\/\",\"logo\":{\"@type\":\"ImageObject\",\"inLanguage\":\"de-CH\",\"@id\":\"https:\\\/\\\/rave-brillen.de\\\/ch\\\/#\\\/schema\\\/logo\\\/image\\\/\",\"url\":\"https:\\\/\\\/rave-brillen.de\\\/wp-content\\\/uploads\\\/2023\\\/11\\\/cropped-logo-v3.png\",\"contentUrl\":\"https:\\\/\\\/rave-brillen.de\\\/wp-content\\\/uploads\\\/2023\\\/11\\\/cropped-logo-v3.png\",\"width\":512,\"height\":512,\"caption\":\"Rave Brillen Shop\"},\"image\":{\"@id\":\"https:\\\/\\\/rave-brillen.de\\\/ch\\\/#\\\/schema\\\/logo\\\/image\\\/\"}}]}<\/script>","yoast_head_json":{"title":"AGB - Rave Brillen Shop","robots":{"index":"index","follow":"follow","max-snippet":"max-snippet:-1","max-image-preview":"max-image-preview:large","max-video-preview":"max-video-preview:-1"},"canonical":"https:\/\/rave-brillen.de\/ch\/agb\/","og_locale":"de_DE","og_type":"article","og_title":"AGB - Rave Brillen Shop","og_description":"Allgemeine Gesch\u00e4ftsbedingungen (Stand: 26.11.2025) 1. Anwendungsbereich Die hier aufgef\u00fchrten allgemeinen Gesch\u00e4ftsbedingungen (fortan \u201eAGB\u201c genannt) bilden die Basis f\u00fcr s\u00e4mtliche Angebote, Dienstleistungen und Lieferungen von Rave Brillen Shop, Inhaber Marvin G\u00f6lz (im Folgenden \u201ewir\u201c oder \u201euns\u201c) \u00fcber unsere Webseiten, Onlineshops und mobile Applikationen (Apps). Die jeweils neueste Version der AGB kommt zur Anwendung. Durch das Aufgeben [&hellip;]","og_url":"https:\/\/rave-brillen.de\/ch\/agb\/","og_site_name":"Rave Brillen Shop","article_modified_time":"2025-11-26T11:21:18+00:00","twitter_card":"summary_large_image","twitter_misc":{"Gesch\u00e4tzte Lesezeit":"5\u00a0Minuten"},"schema":{"@context":"https:\/\/schema.org","@graph":[{"@type":"WebPage","@id":"https:\/\/rave-brillen.de\/ch\/agb\/","url":"https:\/\/rave-brillen.de\/ch\/agb\/","name":"AGB - Rave Brillen Shop","isPartOf":{"@id":"https:\/\/rave-brillen.de\/ch\/#website"},"datePublished":"2023-08-09T11:53:30+00:00","dateModified":"2025-11-26T11:21:18+00:00","breadcrumb":{"@id":"https:\/\/rave-brillen.de\/ch\/agb\/#breadcrumb"},"inLanguage":"de-CH","potentialAction":[{"@type":"ReadAction","target":["https:\/\/rave-brillen.de\/ch\/agb\/"]}]},{"@type":"BreadcrumbList","@id":"https:\/\/rave-brillen.de\/ch\/agb\/#breadcrumb","itemListElement":[{"@type":"ListItem","position":1,"name":"Startseite","item":"https:\/\/rave-brillen.de\/ch\/"},{"@type":"ListItem","position":2,"name":"AGB"}]},{"@type":"WebSite","@id":"https:\/\/rave-brillen.de\/ch\/#website","url":"https:\/\/rave-brillen.de\/ch\/","name":"Rave Brillen Shop","description":"","publisher":{"@id":"https:\/\/rave-brillen.de\/ch\/#organization"},"alternateName":"Rave Brillen Online Shop","potentialAction":[{"@type":"SearchAction","target":{"@type":"EntryPoint","urlTemplate":"https:\/\/rave-brillen.de\/ch\/?s={search_term_string}"},"query-input":{"@type":"PropertyValueSpecification","valueRequired":true,"valueName":"search_term_string"}}],"inLanguage":"de-CH"},{"@type":"Organization","@id":"https:\/\/rave-brillen.de\/ch\/#organization","name":"Rave Brillen Shop","alternateName":"Rave Brillen Shop","url":"https:\/\/rave-brillen.de\/ch\/","logo":{"@type":"ImageObject","inLanguage":"de-CH","@id":"https:\/\/rave-brillen.de\/ch\/#\/schema\/logo\/image\/","url":"https:\/\/rave-brillen.de\/wp-content\/uploads\/2023\/11\/cropped-logo-v3.png","contentUrl":"https:\/\/rave-brillen.de\/wp-content\/uploads\/2023\/11\/cropped-logo-v3.png","width":512,"height":512,"caption":"Rave Brillen Shop"},"image":{"@id":"https:\/\/rave-brillen.de\/ch\/#\/schema\/logo\/image\/"}}]}},"jetpack_sharing_enabled":true,"_links":{"self":[{"href":"https:\/\/rave-brillen.de\/ch\/wp-json\/wp\/v2\/pages\/6892","targetHints":{"allow":["GET"]}}],"collection":[{"href":"https:\/\/rave-brillen.de\/ch\/wp-json\/wp\/v2\/pages"}],"about":[{"href":"https:\/\/rave-brillen.de\/ch\/wp-json\/wp\/v2\/types\/page"}],"author":[{"embeddable":true,"href":"https:\/\/rave-brillen.de\/ch\/wp-json\/wp\/v2\/users\/1"}],"replies":[{"embeddable":true,"href":"https:\/\/rave-brillen.de\/ch\/wp-json\/wp\/v2\/comments?post=6892"}],"version-history":[{"count":6,"href":"https:\/\/rave-brillen.de\/ch\/wp-json\/wp\/v2\/pages\/6892\/revisions"}],"predecessor-version":[{"id":7306,"href":"https:\/\/rave-brillen.de\/ch\/wp-json\/wp\/v2\/pages\/6892\/revisions\/7306"}],"wp:attachment":[{"href":"https:\/\/rave-brillen.de\/ch\/wp-json\/wp\/v2\/media?parent=6892"}],"curies":[{"name":"wp","href":"https:\/\/api.w.org\/{rel}","templated":true}]}}