{"id":6898,"date":"2021-09-08T09:28:35","date_gmt":"2021-09-08T07:28:35","guid":{"rendered":"https:\/\/rave-brillen.de\/impressum\/"},"modified":"2025-11-26T12:24:16","modified_gmt":"2025-11-26T11:24:16","slug":"impressum","status":"publish","type":"page","link":"https:\/\/rave-brillen.de\/ch\/impressum\/","title":{"rendered":"Impressum"},"content":{"rendered":"\t\t<div data-elementor-type=\"wp-page\" data-elementor-id=\"6898\" class=\"elementor elementor-6898 elementor-1010\" data-elementor-post-type=\"page\">\n\t\t\t\t\t\t<section class=\"elementor-section elementor-top-section elementor-element elementor-element-96e154a elementor-section-height-min-height elementor-section-boxed elementor-section-height-default elementor-section-items-middle\" data-id=\"96e154a\" data-element_type=\"section\" data-e-type=\"section\" data-settings=\"{&quot;background_background&quot;:&quot;classic&quot;}\">\n\t\t\t\t\t\t\t<div class=\"elementor-background-overlay\"><\/div>\n\t\t\t\t\t\t\t<div class=\"elementor-container elementor-column-gap-default\">\n\t\t\t\t\t<div class=\"elementor-column elementor-col-100 elementor-top-column elementor-element elementor-element-57a489a\" data-id=\"57a489a\" data-element_type=\"column\" data-e-type=\"column\">\n\t\t\t<div class=\"elementor-widget-wrap elementor-element-populated\">\n\t\t\t\t\t\t<div class=\"elementor-element elementor-element-458a7a2 elementor-widget elementor-widget-heading\" data-id=\"458a7a2\" data-element_type=\"widget\" data-e-type=\"widget\" data-widget_type=\"heading.default\">\n\t\t\t\t<div class=\"elementor-widget-container\">\n\t\t\t\t\t<h1 class=\"elementor-heading-title elementor-size-default\">Impressum<\/h1>\t\t\t\t<\/div>\n\t\t\t\t<\/div>\n\t\t\t\t<div class=\"elementor-element elementor-element-1552118 elementor-widget elementor-widget-text-editor\" data-id=\"1552118\" data-element_type=\"widget\" data-e-type=\"widget\" data-widget_type=\"text-editor.default\">\n\t\t\t\t<div class=\"elementor-widget-container\">\n\t\t\t\t\t\t\t\t\t<p>Rave Brillen Shop<br>Inhaber Marvin G\u00f6lz<br>Max-Planck-Stra\u00dfe 6<br>60437 Frankfurt<br>Deutschland<\/p>\n<p>E-Mail:&nbsp;<a href=\"mailto:shop@rave-brillen.de\" target=\"_blank\" rel=\"noopener\">shop@rave-brillen.de<\/a><\/p>\n<h2>Disclaimer<\/h2>\n<div>\n<p>Die Informationen auf dieser Website dienen allein der Darstellung des Rave Brillen Shops und zu Informationszwecken. Obwohl wir stets bem\u00fcht sind, unsere Internet-Pr\u00e4senz aktuell zu halten, \u00fcbernehmen wir keinerlei Haftung hierf\u00fcr, sowie f\u00fcr die Vollst\u00e4ndigkeit oder Richtigkeit der dargestellten Informationen. Das gleiche gilt f\u00fcr Sch\u00e4den, die durch die Nutzung der angebotenen Informationen auf dieser Internet-Pr\u00e4senz verursacht wurden. Dar\u00fcber hinaus sind wir in keiner Weise verantwortlich f\u00fcr die Inhalte, Aktualit\u00e4t, Vollst\u00e4ndigkeit oder Richtigkeit der Websites Dritter. F\u00fcr den Inhalt der verlinkten Seiten sind ausschlie\u00dflich deren Betreiber verantwortlich.<\/p>\n<\/div>\n<h3>Urheberrechte<\/h3>\n<div>Das Urheberrecht an dem Inhalt dieser Webseite oder Teilen davon steht Rave Brillen Shop&nbsp;zu, soweit es nicht Rave Brillen Shop&nbsp;durch einen Dritten einger\u00e4umt wurde. In diesem Fall ist der Dritte Urheberrechtsinhaber.<\/div>\n<p>Jede Vervielf\u00e4ltigung, \u00dcbertragung oder Verbreitung jeglichen Inhalts dieser Webseite, insbesondere durch Herunterladen, Speichern oder Drucken, ist ohne die ausdr\u00fcckliche Einwilligung von Rave Brillen Shop&nbsp;untersagt.<\/p>\n<p>Stock Fotografie von&nbsp;<a href=\"https:\/\/www.freepik.com\/\" target=\"_blank\" rel=\"noopener noreferrer nofollow\">Freepik.com<\/a><\/p>\n<h3>Datenschutz-Anfragen aus der Schweiz<\/h3>\n<p>\nF\u00fcr Anfragen zum Datenschutz nach Schweizer Datenschutzgesetz (nDSG) k\u00f6nnen sich Personen mit Wohnsitz in der Schweiz an folgende Kontaktstelle wenden:<br>E-Mail: <a href=\"mailto:shop@rave-brillen.de\">shop@rave-brillen.de<\/a>\n<\/p>\n<h3>Streitschlichtung<\/h3>\n<p>Verbraucher\u00adstreit\u00adbeilegung\/Universal\u00adschlichtungs\u00adstelle: Wir sind nicht bereit oder verpflichtet, an Streitbeilegungsverfahren vor einer Verbraucherschlichtungsstelle teilzunehmen.<\/p>\t\t\t\t\t\t\t\t<\/div>\n\t\t\t\t<\/div>\n\t\t\t\t\t<\/div>\n\t\t<\/div>\n\t\t\t\t\t<\/div>\n\t\t<\/section>\n\t\t\t\t<\/div>\n\t\t","protected":false},"excerpt":{"rendered":"<p>Impressum Rave Brillen ShopInhaber Marvin G\u00f6lzMax-Planck-Stra\u00dfe 660437 FrankfurtDeutschland E-Mail:&nbsp;shop@rave-brillen.de Disclaimer Die Informationen auf dieser Website dienen allein der Darstellung des Rave Brillen Shops und zu Informationszwecken. Obwohl wir stets bem\u00fcht sind, unsere Internet-Pr\u00e4senz aktuell zu halten, \u00fcbernehmen wir keinerlei Haftung hierf\u00fcr, sowie f\u00fcr die Vollst\u00e4ndigkeit oder Richtigkeit der dargestellten Informationen. Das gleiche gilt f\u00fcr Sch\u00e4den, [&hellip;]<\/p>\n","protected":false},"author":2,"featured_media":0,"parent":0,"menu_order":0,"comment_status":"closed","ping_status":"closed","template":"elementor_theme","meta":{"site-sidebar-layout":"no-sidebar","site-content-layout":"page-builder","ast-site-content-layout":"default","site-content-style":"default","site-sidebar-style":"default","ast-global-header-display":"","ast-banner-title-visibility":"","ast-main-header-display":"","ast-hfb-above-header-display":"","ast-hfb-below-header-display":"","ast-hfb-mobile-header-display":"","site-post-title":"disabled","ast-breadcrumbs-content":"","ast-featured-img":"disabled","footer-sml-layout":"","ast-disable-related-posts":"","theme-transparent-header-meta":"default","adv-header-id-meta":"","stick-header-meta":"default","header-above-stick-meta":"","header-main-stick-meta":"","header-below-stick-meta":"","astra-migrate-meta-layouts":"default","ast-page-background-enabled":"default","ast-page-background-meta":{"desktop":{"background-color":"","background-image":"","background-repeat":"repeat","background-position":"center center","background-size":"auto","background-attachment":"scroll","background-type":"","background-media":"","overlay-type":"","overlay-color":"","overlay-opacity":"","overlay-gradient":""},"tablet":{"background-color":"","background-image":"","background-repeat":"repeat","background-position":"center center","background-size":"auto","background-attachment":"scroll","background-type":"","background-media":"","overlay-type":"","overlay-color":"","overlay-opacity":"","overlay-gradient":""},"mobile":{"background-color":"","background-image":"","background-repeat":"repeat","background-position":"center center","background-size":"auto","background-attachment":"scroll","background-type":"","background-media":"","overlay-type":"","overlay-color":"","overlay-opacity":"","overlay-gradient":""}},"ast-content-background-meta":{"desktop":{"background-color":"var(--ast-global-color-5)","background-image":"","background-repeat":"repeat","background-position":"center center","background-size":"auto","background-attachment":"scroll","background-type":"","background-media":"","overlay-type":"","overlay-color":"","overlay-opacity":"","overlay-gradient":""},"tablet":{"background-color":"var(--ast-global-color-5)","background-image":"","background-repeat":"repeat","background-position":"center center","background-size":"auto","background-attachment":"scroll","background-type":"","background-media":"","overlay-type":"","overlay-color":"","overlay-opacity":"","overlay-gradient":""},"mobile":{"background-color":"var(--ast-global-color-5)","background-image":"","background-repeat":"repeat","background-position":"center center","background-size":"auto","background-attachment":"scroll","background-type":"","background-media":"","overlay-type":"","overlay-color":"","overlay-opacity":"","overlay-gradient":""}},"footnotes":""},"class_list":["post-6898","page","type-page","status-publish","hentry"],"yoast_head":"<title>Impressum - Rave Brillen Shop<\/title>\n<meta name=\"robots\" content=\"index, follow, max-snippet:-1, max-image-preview:large, max-video-preview:-1\" \/>\n<link rel=\"canonical\" href=\"https:\/\/rave-brillen.de\/ch\/impressum\/\" \/>\n<meta property=\"og:locale\" content=\"de_DE\" \/>\n<meta property=\"og:type\" content=\"article\" \/>\n<meta property=\"og:title\" content=\"Impressum - Rave Brillen Shop\" \/>\n<meta property=\"og:description\" content=\"Impressum Rave Brillen ShopInhaber Marvin G\u00f6lzMax-Planck-Stra\u00dfe 660437 FrankfurtDeutschland E-Mail:&nbsp;shop@rave-brillen.de Disclaimer Die Informationen auf dieser Website dienen allein der Darstellung des Rave Brillen Shops und zu Informationszwecken. Obwohl wir stets bem\u00fcht sind, unsere Internet-Pr\u00e4senz aktuell zu halten, \u00fcbernehmen wir keinerlei Haftung hierf\u00fcr, sowie f\u00fcr die Vollst\u00e4ndigkeit oder Richtigkeit der dargestellten Informationen. Das gleiche gilt f\u00fcr Sch\u00e4den, [&hellip;]\" \/>\n<meta property=\"og:url\" content=\"https:\/\/rave-brillen.de\/ch\/impressum\/\" \/>\n<meta property=\"og:site_name\" content=\"Rave Brillen Shop\" \/>\n<meta property=\"article:modified_time\" content=\"2025-11-26T11:24:16+00:00\" \/>\n<meta name=\"twitter:card\" content=\"summary_large_image\" \/>\n<meta name=\"twitter:label1\" content=\"Gesch\u00e4tzte Lesezeit\" \/>\n\t<meta name=\"twitter:data1\" content=\"2\u00a0Minuten\" \/>\n<script type=\"application\/ld+json\" class=\"yoast-schema-graph\">{\"@context\":\"https:\\\/\\\/schema.org\",\"@graph\":[{\"@type\":\"WebPage\",\"@id\":\"https:\\\/\\\/rave-brillen.de\\\/ch\\\/impressum\\\/\",\"url\":\"https:\\\/\\\/rave-brillen.de\\\/ch\\\/impressum\\\/\",\"name\":\"Impressum - Rave Brillen Shop\",\"isPartOf\":{\"@id\":\"https:\\\/\\\/rave-brillen.de\\\/ch\\\/#website\"},\"datePublished\":\"2021-09-08T07:28:35+00:00\",\"dateModified\":\"2025-11-26T11:24:16+00:00\",\"breadcrumb\":{\"@id\":\"https:\\\/\\\/rave-brillen.de\\\/ch\\\/impressum\\\/#breadcrumb\"},\"inLanguage\":\"de-CH\",\"potentialAction\":[{\"@type\":\"ReadAction\",\"target\":[\"https:\\\/\\\/rave-brillen.de\\\/ch\\\/impressum\\\/\"]}]},{\"@type\":\"BreadcrumbList\",\"@id\":\"https:\\\/\\\/rave-brillen.de\\\/ch\\\/impressum\\\/#breadcrumb\",\"itemListElement\":[{\"@type\":\"ListItem\",\"position\":1,\"name\":\"Startseite\",\"item\":\"https:\\\/\\\/rave-brillen.de\\\/ch\\\/\"},{\"@type\":\"ListItem\",\"position\":2,\"name\":\"Impressum\"}]},{\"@type\":\"WebSite\",\"@id\":\"https:\\\/\\\/rave-brillen.de\\\/ch\\\/#website\",\"url\":\"https:\\\/\\\/rave-brillen.de\\\/ch\\\/\",\"name\":\"Rave Brillen Shop\",\"description\":\"\",\"publisher\":{\"@id\":\"https:\\\/\\\/rave-brillen.de\\\/ch\\\/#organization\"},\"alternateName\":\"Rave Brillen Online Shop\",\"potentialAction\":[{\"@type\":\"SearchAction\",\"target\":{\"@type\":\"EntryPoint\",\"urlTemplate\":\"https:\\\/\\\/rave-brillen.de\\\/ch\\\/?s={search_term_string}\"},\"query-input\":{\"@type\":\"PropertyValueSpecification\",\"valueRequired\":true,\"valueName\":\"search_term_string\"}}],\"inLanguage\":\"de-CH\"},{\"@type\":\"Organization\",\"@id\":\"https:\\\/\\\/rave-brillen.de\\\/ch\\\/#organization\",\"name\":\"Rave Brillen Shop\",\"alternateName\":\"Rave Brillen Shop\",\"url\":\"https:\\\/\\\/rave-brillen.de\\\/ch\\\/\",\"logo\":{\"@type\":\"ImageObject\",\"inLanguage\":\"de-CH\",\"@id\":\"https:\\\/\\\/rave-brillen.de\\\/ch\\\/#\\\/schema\\\/logo\\\/image\\\/\",\"url\":\"https:\\\/\\\/rave-brillen.de\\\/wp-content\\\/uploads\\\/2023\\\/11\\\/cropped-logo-v3.png\",\"contentUrl\":\"https:\\\/\\\/rave-brillen.de\\\/wp-content\\\/uploads\\\/2023\\\/11\\\/cropped-logo-v3.png\",\"width\":512,\"height\":512,\"caption\":\"Rave Brillen Shop\"},\"image\":{\"@id\":\"https:\\\/\\\/rave-brillen.de\\\/ch\\\/#\\\/schema\\\/logo\\\/image\\\/\"}}]}<\/script>","yoast_head_json":{"title":"Impressum - Rave Brillen Shop","robots":{"index":"index","follow":"follow","max-snippet":"max-snippet:-1","max-image-preview":"max-image-preview:large","max-video-preview":"max-video-preview:-1"},"canonical":"https:\/\/rave-brillen.de\/ch\/impressum\/","og_locale":"de_DE","og_type":"article","og_title":"Impressum - Rave Brillen Shop","og_description":"Impressum Rave Brillen ShopInhaber Marvin G\u00f6lzMax-Planck-Stra\u00dfe 660437 FrankfurtDeutschland E-Mail:&nbsp;shop@rave-brillen.de Disclaimer Die Informationen auf dieser Website dienen allein der Darstellung des Rave Brillen Shops und zu Informationszwecken. Obwohl wir stets bem\u00fcht sind, unsere Internet-Pr\u00e4senz aktuell zu halten, \u00fcbernehmen wir keinerlei Haftung hierf\u00fcr, sowie f\u00fcr die Vollst\u00e4ndigkeit oder Richtigkeit der dargestellten Informationen. Das gleiche gilt f\u00fcr Sch\u00e4den, [&hellip;]","og_url":"https:\/\/rave-brillen.de\/ch\/impressum\/","og_site_name":"Rave Brillen Shop","article_modified_time":"2025-11-26T11:24:16+00:00","twitter_card":"summary_large_image","twitter_misc":{"Gesch\u00e4tzte Lesezeit":"2\u00a0Minuten"},"schema":{"@context":"https:\/\/schema.org","@graph":[{"@type":"WebPage","@id":"https:\/\/rave-brillen.de\/ch\/impressum\/","url":"https:\/\/rave-brillen.de\/ch\/impressum\/","name":"Impressum - Rave Brillen Shop","isPartOf":{"@id":"https:\/\/rave-brillen.de\/ch\/#website"},"datePublished":"2021-09-08T07:28:35+00:00","dateModified":"2025-11-26T11:24:16+00:00","breadcrumb":{"@id":"https:\/\/rave-brillen.de\/ch\/impressum\/#breadcrumb"},"inLanguage":"de-CH","potentialAction":[{"@type":"ReadAction","target":["https:\/\/rave-brillen.de\/ch\/impressum\/"]}]},{"@type":"BreadcrumbList","@id":"https:\/\/rave-brillen.de\/ch\/impressum\/#breadcrumb","itemListElement":[{"@type":"ListItem","position":1,"name":"Startseite","item":"https:\/\/rave-brillen.de\/ch\/"},{"@type":"ListItem","position":2,"name":"Impressum"}]},{"@type":"WebSite","@id":"https:\/\/rave-brillen.de\/ch\/#website","url":"https:\/\/rave-brillen.de\/ch\/","name":"Rave Brillen Shop","description":"","publisher":{"@id":"https:\/\/rave-brillen.de\/ch\/#organization"},"alternateName":"Rave Brillen Online Shop","potentialAction":[{"@type":"SearchAction","target":{"@type":"EntryPoint","urlTemplate":"https:\/\/rave-brillen.de\/ch\/?s={search_term_string}"},"query-input":{"@type":"PropertyValueSpecification","valueRequired":true,"valueName":"search_term_string"}}],"inLanguage":"de-CH"},{"@type":"Organization","@id":"https:\/\/rave-brillen.de\/ch\/#organization","name":"Rave Brillen Shop","alternateName":"Rave Brillen Shop","url":"https:\/\/rave-brillen.de\/ch\/","logo":{"@type":"ImageObject","inLanguage":"de-CH","@id":"https:\/\/rave-brillen.de\/ch\/#\/schema\/logo\/image\/","url":"https:\/\/rave-brillen.de\/wp-content\/uploads\/2023\/11\/cropped-logo-v3.png","contentUrl":"https:\/\/rave-brillen.de\/wp-content\/uploads\/2023\/11\/cropped-logo-v3.png","width":512,"height":512,"caption":"Rave Brillen Shop"},"image":{"@id":"https:\/\/rave-brillen.de\/ch\/#\/schema\/logo\/image\/"}}]}},"jetpack_sharing_enabled":true,"_links":{"self":[{"href":"https:\/\/rave-brillen.de\/ch\/wp-json\/wp\/v2\/pages\/6898","targetHints":{"allow":["GET"]}}],"collection":[{"href":"https:\/\/rave-brillen.de\/ch\/wp-json\/wp\/v2\/pages"}],"about":[{"href":"https:\/\/rave-brillen.de\/ch\/wp-json\/wp\/v2\/types\/page"}],"author":[{"embeddable":true,"href":"https:\/\/rave-brillen.de\/ch\/wp-json\/wp\/v2\/users\/2"}],"replies":[{"embeddable":true,"href":"https:\/\/rave-brillen.de\/ch\/wp-json\/wp\/v2\/comments?post=6898"}],"version-history":[{"count":7,"href":"https:\/\/rave-brillen.de\/ch\/wp-json\/wp\/v2\/pages\/6898\/revisions"}],"predecessor-version":[{"id":7326,"href":"https:\/\/rave-brillen.de\/ch\/wp-json\/wp\/v2\/pages\/6898\/revisions\/7326"}],"wp:attachment":[{"href":"https:\/\/rave-brillen.de\/ch\/wp-json\/wp\/v2\/media?parent=6898"}],"curies":[{"name":"wp","href":"https:\/\/api.w.org\/{rel}","templated":true}]}}