{"id":6934,"date":"2025-07-08T19:39:57","date_gmt":"2025-07-08T19:39:57","guid":{"rendered":"https:\/\/rave-brillen.de\/shop\/handfaecher-warp-speed\/"},"modified":"2025-07-08T19:39:57","modified_gmt":"2025-07-08T19:39:57","slug":"handfaecher-warp-speed","status":"publish","type":"product","link":"https:\/\/rave-brillen.de\/ch\/shop\/handfaecher-warp-speed\/","title":{"rendered":"Handf\u00e4cher \u2013 Warp Speed"},"content":{"rendered":"<p><strong>Limited Edition \u00b7 Jetzt Bestellbar<\/strong><\/p>\n<p><strong>Material &amp; Qualit\u00e4t<\/strong><\/p>\n<ul>\n<li>Robustes F\u00e4cherger\u00fcst aus Kunststoff mit mattem Finish<\/li>\n<li>Hochwertiger Druck auf strapazierf\u00e4higem Stoff<\/li>\n<li>Handlich, leicht, klappstark \u2013 f\u00fcr tausende Bewegungen<\/li>\n<li>Kompakt faltbar \u2013 passt in jede Rave-Bag<\/li>\n<\/ul>\n<p><strong>Limitierte St\u00fcckzahlen<\/strong> \u2013 Die F\u00e4cher aus diesem Drop werden nicht regul\u00e4r nachproduziert \u2013 limitiert auf 100 St\u00fcck.<\/p>\n<p>&nbsp;<\/p>\n","protected":false},"excerpt":{"rendered":"<p>Limited Edition \u00b7 Jetzt Bestellbar Material &amp; Qualit\u00e4t Robustes F\u00e4cherger\u00fcst aus Kunststoff mit mattem Finish Hochwertiger Druck auf strapazierf\u00e4higem Stoff Handlich, leicht, klappstark \u2013 f\u00fcr tausende Bewegungen Kompakt faltbar \u2013 passt in jede Rave-Bag Limitierte St\u00fcckzahlen \u2013 Die F\u00e4cher aus diesem Drop werden nicht regul\u00e4r nachproduziert \u2013 limitiert auf 100 St\u00fcck. &nbsp;<\/p>\n","protected":false},"featured_media":6852,"template":"","meta":{"site-sidebar-layout":"default","site-content-layout":"","ast-site-content-layout":"default","site-content-style":"default","site-sidebar-style":"default","ast-global-header-display":"","ast-banner-title-visibility":"","ast-main-header-display":"","ast-hfb-above-header-display":"","ast-hfb-below-header-display":"","ast-hfb-mobile-header-display":"","site-post-title":"","ast-breadcrumbs-content":"","ast-featured-img":"","footer-sml-layout":"","ast-disable-related-posts":"","theme-transparent-header-meta":"default","adv-header-id-meta":"","stick-header-meta":"default","header-above-stick-meta":"","header-main-stick-meta":"","header-below-stick-meta":"","astra-migrate-meta-layouts":"default","ast-page-background-enabled":"default","ast-page-background-meta":{"desktop":{"background-color":"","background-image":"","background-repeat":"repeat","background-position":"center center","background-size":"auto","background-attachment":"scroll","background-type":"","background-media":"","overlay-type":"","overlay-color":"","overlay-opacity":"","overlay-gradient":""},"tablet":{"background-color":"","background-image":"","background-repeat":"repeat","background-position":"center center","background-size":"auto","background-attachment":"scroll","background-type":"","background-media":"","overlay-type":"","overlay-color":"","overlay-opacity":"","overlay-gradient":""},"mobile":{"background-color":"","background-image":"","background-repeat":"repeat","background-position":"center center","background-size":"auto","background-attachment":"scroll","background-type":"","background-media":"","overlay-type":"","overlay-color":"","overlay-opacity":"","overlay-gradient":""}},"ast-content-background-meta":{"desktop":{"background-color":"var(--ast-global-color-5)","background-image":"","background-repeat":"repeat","background-position":"center center","background-size":"auto","background-attachment":"scroll","background-type":"","background-media":"","overlay-type":"","overlay-color":"","overlay-opacity":"","overlay-gradient":""},"tablet":{"background-color":"var(--ast-global-color-5)","background-image":"","background-repeat":"repeat","background-position":"center center","background-size":"auto","background-attachment":"scroll","background-type":"","background-media":"","overlay-type":"","overlay-color":"","overlay-opacity":"","overlay-gradient":""},"mobile":{"background-color":"var(--ast-global-color-5)","background-image":"","background-repeat":"repeat","background-position":"center center","background-size":"auto","background-attachment":"scroll","background-type":"","background-media":"","overlay-type":"","overlay-color":"","overlay-opacity":"","overlay-gradient":""}}},"product_brand":[],"product_cat":[298],"product_tag":[300],"class_list":{"0":"post-6934","1":"product","2":"type-product","3":"status-publish","4":"has-post-thumbnail","6":"product_cat-faecher","7":"product_tag-blk","8":"desktop-align-left","9":"tablet-align-left","10":"mobile-align-left","11":"ast-product-gallery-layout-horizontal-slider","12":"ast-product-gallery-with-no-image","13":"ast-product-single-variable","14":"ast-product-tabs-layout-horizontal","15":"ast-qv-on-image","17":"first","18":"instock","19":"taxable","20":"shipping-taxable","21":"purchasable","22":"product-type-variable"},"yoast_head":"<title>Handf\u00e4cher \u2013 Warp Speed - Rave Brillen Shop<\/title>\n<meta name=\"robots\" content=\"index, follow, max-snippet:-1, max-image-preview:large, max-video-preview:-1\" \/>\n<link rel=\"canonical\" href=\"https:\/\/rave-brillen.de\/ch\/shop\/handfaecher-warp-speed\/\" \/>\n<meta property=\"og:locale\" content=\"de_DE\" \/>\n<meta property=\"og:type\" content=\"article\" \/>\n<meta property=\"og:title\" content=\"Handf\u00e4cher \u2013 Warp Speed - Rave Brillen Shop\" \/>\n<meta property=\"og:description\" content=\"Limited Edition \u00b7 Jetzt Bestellbar Material &amp; Qualit\u00e4t Robustes F\u00e4cherger\u00fcst aus Kunststoff mit mattem Finish Hochwertiger Druck auf strapazierf\u00e4higem Stoff Handlich, leicht, klappstark \u2013 f\u00fcr tausende Bewegungen Kompakt faltbar \u2013 passt in jede Rave-Bag Limitierte St\u00fcckzahlen \u2013 Die F\u00e4cher aus diesem Drop werden nicht regul\u00e4r nachproduziert \u2013 limitiert auf 100 St\u00fcck. &nbsp;\" \/>\n<meta property=\"og:url\" content=\"https:\/\/rave-brillen.de\/ch\/shop\/handfaecher-warp-speed\/\" \/>\n<meta property=\"og:site_name\" content=\"Rave Brillen Shop\" \/>\n<meta name=\"twitter:card\" content=\"summary_large_image\" \/>\n<script type=\"application\/ld+json\" class=\"yoast-schema-graph\">{\"@context\":\"https:\\\/\\\/schema.org\",\"@graph\":[{\"@type\":\"WebPage\",\"@id\":\"https:\\\/\\\/rave-brillen.de\\\/ch\\\/shop\\\/handfaecher-warp-speed\\\/\",\"url\":\"https:\\\/\\\/rave-brillen.de\\\/ch\\\/shop\\\/handfaecher-warp-speed\\\/\",\"name\":\"Handf\u00e4cher \u2013 Warp Speed - Rave Brillen Shop\",\"isPartOf\":{\"@id\":\"https:\\\/\\\/rave-brillen.de\\\/ch\\\/#website\"},\"primaryImageOfPage\":{\"@id\":\"https:\\\/\\\/rave-brillen.de\\\/ch\\\/shop\\\/handfaecher-warp-speed\\\/#primaryimage\"},\"image\":{\"@id\":\"https:\\\/\\\/rave-brillen.de\\\/ch\\\/shop\\\/handfaecher-warp-speed\\\/#primaryimage\"},\"thumbnailUrl\":\"https:\\\/\\\/rave-brillen.de\\\/wp-content\\\/uploads\\\/2025\\\/07\\\/Warp-Speed-Pulse_produktbild.jpg\",\"datePublished\":\"2025-07-08T19:39:57+00:00\",\"breadcrumb\":{\"@id\":\"https:\\\/\\\/rave-brillen.de\\\/ch\\\/shop\\\/handfaecher-warp-speed\\\/#breadcrumb\"},\"inLanguage\":\"de-CH\",\"potentialAction\":[{\"@type\":\"ReadAction\",\"target\":[\"https:\\\/\\\/rave-brillen.de\\\/ch\\\/shop\\\/handfaecher-warp-speed\\\/\"]}]},{\"@type\":\"ImageObject\",\"inLanguage\":\"de-CH\",\"@id\":\"https:\\\/\\\/rave-brillen.de\\\/ch\\\/shop\\\/handfaecher-warp-speed\\\/#primaryimage\",\"url\":\"https:\\\/\\\/rave-brillen.de\\\/wp-content\\\/uploads\\\/2025\\\/07\\\/Warp-Speed-Pulse_produktbild.jpg\",\"contentUrl\":\"https:\\\/\\\/rave-brillen.de\\\/wp-content\\\/uploads\\\/2025\\\/07\\\/Warp-Speed-Pulse_produktbild.jpg\",\"width\":799,\"height\":799},{\"@type\":\"BreadcrumbList\",\"@id\":\"https:\\\/\\\/rave-brillen.de\\\/ch\\\/shop\\\/handfaecher-warp-speed\\\/#breadcrumb\",\"itemListElement\":[{\"@type\":\"ListItem\",\"position\":1,\"name\":\"Startseite\",\"item\":\"https:\\\/\\\/rave-brillen.de\\\/ch\\\/\"},{\"@type\":\"ListItem\",\"position\":2,\"name\":\"Shop\",\"item\":\"https:\\\/\\\/rave-brillen.de\\\/ch\\\/shop\\\/\"},{\"@type\":\"ListItem\",\"position\":3,\"name\":\"Handf\u00e4cher \u2013 Warp Speed\"}]},{\"@type\":\"WebSite\",\"@id\":\"https:\\\/\\\/rave-brillen.de\\\/ch\\\/#website\",\"url\":\"https:\\\/\\\/rave-brillen.de\\\/ch\\\/\",\"name\":\"Rave Brillen Shop\",\"description\":\"\",\"publisher\":{\"@id\":\"https:\\\/\\\/rave-brillen.de\\\/ch\\\/#organization\"},\"alternateName\":\"Rave Brillen Online Shop\",\"potentialAction\":[{\"@type\":\"SearchAction\",\"target\":{\"@type\":\"EntryPoint\",\"urlTemplate\":\"https:\\\/\\\/rave-brillen.de\\\/ch\\\/?s={search_term_string}\"},\"query-input\":{\"@type\":\"PropertyValueSpecification\",\"valueRequired\":true,\"valueName\":\"search_term_string\"}}],\"inLanguage\":\"de-CH\"},{\"@type\":\"Organization\",\"@id\":\"https:\\\/\\\/rave-brillen.de\\\/ch\\\/#organization\",\"name\":\"Rave Brillen Shop\",\"alternateName\":\"Rave Brillen Shop\",\"url\":\"https:\\\/\\\/rave-brillen.de\\\/ch\\\/\",\"logo\":{\"@type\":\"ImageObject\",\"inLanguage\":\"de-CH\",\"@id\":\"https:\\\/\\\/rave-brillen.de\\\/ch\\\/#\\\/schema\\\/logo\\\/image\\\/\",\"url\":\"https:\\\/\\\/rave-brillen.de\\\/wp-content\\\/uploads\\\/2023\\\/11\\\/cropped-logo-v3.png\",\"contentUrl\":\"https:\\\/\\\/rave-brillen.de\\\/wp-content\\\/uploads\\\/2023\\\/11\\\/cropped-logo-v3.png\",\"width\":512,\"height\":512,\"caption\":\"Rave Brillen Shop\"},\"image\":{\"@id\":\"https:\\\/\\\/rave-brillen.de\\\/ch\\\/#\\\/schema\\\/logo\\\/image\\\/\"}}]}<\/script>","yoast_head_json":{"title":"Handf\u00e4cher \u2013 Warp Speed - Rave Brillen Shop","robots":{"index":"index","follow":"follow","max-snippet":"max-snippet:-1","max-image-preview":"max-image-preview:large","max-video-preview":"max-video-preview:-1"},"canonical":"https:\/\/rave-brillen.de\/ch\/shop\/handfaecher-warp-speed\/","og_locale":"de_DE","og_type":"article","og_title":"Handf\u00e4cher \u2013 Warp Speed - Rave Brillen Shop","og_description":"Limited Edition \u00b7 Jetzt Bestellbar Material &amp; Qualit\u00e4t Robustes F\u00e4cherger\u00fcst aus Kunststoff mit mattem Finish Hochwertiger Druck auf strapazierf\u00e4higem Stoff Handlich, leicht, klappstark \u2013 f\u00fcr tausende Bewegungen Kompakt faltbar \u2013 passt in jede Rave-Bag Limitierte St\u00fcckzahlen \u2013 Die F\u00e4cher aus diesem Drop werden nicht regul\u00e4r nachproduziert \u2013 limitiert auf 100 St\u00fcck. &nbsp;","og_url":"https:\/\/rave-brillen.de\/ch\/shop\/handfaecher-warp-speed\/","og_site_name":"Rave Brillen Shop","twitter_card":"summary_large_image","schema":{"@context":"https:\/\/schema.org","@graph":[{"@type":"WebPage","@id":"https:\/\/rave-brillen.de\/ch\/shop\/handfaecher-warp-speed\/","url":"https:\/\/rave-brillen.de\/ch\/shop\/handfaecher-warp-speed\/","name":"Handf\u00e4cher \u2013 Warp Speed - Rave Brillen Shop","isPartOf":{"@id":"https:\/\/rave-brillen.de\/ch\/#website"},"primaryImageOfPage":{"@id":"https:\/\/rave-brillen.de\/ch\/shop\/handfaecher-warp-speed\/#primaryimage"},"image":{"@id":"https:\/\/rave-brillen.de\/ch\/shop\/handfaecher-warp-speed\/#primaryimage"},"thumbnailUrl":"https:\/\/rave-brillen.de\/wp-content\/uploads\/2025\/07\/Warp-Speed-Pulse_produktbild.jpg","datePublished":"2025-07-08T19:39:57+00:00","breadcrumb":{"@id":"https:\/\/rave-brillen.de\/ch\/shop\/handfaecher-warp-speed\/#breadcrumb"},"inLanguage":"de-CH","potentialAction":[{"@type":"ReadAction","target":["https:\/\/rave-brillen.de\/ch\/shop\/handfaecher-warp-speed\/"]}]},{"@type":"ImageObject","inLanguage":"de-CH","@id":"https:\/\/rave-brillen.de\/ch\/shop\/handfaecher-warp-speed\/#primaryimage","url":"https:\/\/rave-brillen.de\/wp-content\/uploads\/2025\/07\/Warp-Speed-Pulse_produktbild.jpg","contentUrl":"https:\/\/rave-brillen.de\/wp-content\/uploads\/2025\/07\/Warp-Speed-Pulse_produktbild.jpg","width":799,"height":799},{"@type":"BreadcrumbList","@id":"https:\/\/rave-brillen.de\/ch\/shop\/handfaecher-warp-speed\/#breadcrumb","itemListElement":[{"@type":"ListItem","position":1,"name":"Startseite","item":"https:\/\/rave-brillen.de\/ch\/"},{"@type":"ListItem","position":2,"name":"Shop","item":"https:\/\/rave-brillen.de\/ch\/shop\/"},{"@type":"ListItem","position":3,"name":"Handf\u00e4cher \u2013 Warp Speed"}]},{"@type":"WebSite","@id":"https:\/\/rave-brillen.de\/ch\/#website","url":"https:\/\/rave-brillen.de\/ch\/","name":"Rave Brillen Shop","description":"","publisher":{"@id":"https:\/\/rave-brillen.de\/ch\/#organization"},"alternateName":"Rave Brillen Online Shop","potentialAction":[{"@type":"SearchAction","target":{"@type":"EntryPoint","urlTemplate":"https:\/\/rave-brillen.de\/ch\/?s={search_term_string}"},"query-input":{"@type":"PropertyValueSpecification","valueRequired":true,"valueName":"search_term_string"}}],"inLanguage":"de-CH"},{"@type":"Organization","@id":"https:\/\/rave-brillen.de\/ch\/#organization","name":"Rave Brillen Shop","alternateName":"Rave Brillen Shop","url":"https:\/\/rave-brillen.de\/ch\/","logo":{"@type":"ImageObject","inLanguage":"de-CH","@id":"https:\/\/rave-brillen.de\/ch\/#\/schema\/logo\/image\/","url":"https:\/\/rave-brillen.de\/wp-content\/uploads\/2023\/11\/cropped-logo-v3.png","contentUrl":"https:\/\/rave-brillen.de\/wp-content\/uploads\/2023\/11\/cropped-logo-v3.png","width":512,"height":512,"caption":"Rave Brillen Shop"},"image":{"@id":"https:\/\/rave-brillen.de\/ch\/#\/schema\/logo\/image\/"}}]}},"jetpack_sharing_enabled":true,"_links":{"self":[{"href":"https:\/\/rave-brillen.de\/ch\/wp-json\/wp\/v2\/product\/6934","targetHints":{"allow":["GET"]}}],"collection":[{"href":"https:\/\/rave-brillen.de\/ch\/wp-json\/wp\/v2\/product"}],"about":[{"href":"https:\/\/rave-brillen.de\/ch\/wp-json\/wp\/v2\/types\/product"}],"wp:featuredmedia":[{"embeddable":true,"href":"https:\/\/rave-brillen.de\/ch\/wp-json\/wp\/v2\/media\/6852"}],"wp:attachment":[{"href":"https:\/\/rave-brillen.de\/ch\/wp-json\/wp\/v2\/media?parent=6934"}],"wp:term":[{"taxonomy":"product_brand","embeddable":true,"href":"https:\/\/rave-brillen.de\/ch\/wp-json\/wp\/v2\/product_brand?post=6934"},{"taxonomy":"product_cat","embeddable":true,"href":"https:\/\/rave-brillen.de\/ch\/wp-json\/wp\/v2\/product_cat?post=6934"},{"taxonomy":"product_tag","embeddable":true,"href":"https:\/\/rave-brillen.de\/ch\/wp-json\/wp\/v2\/product_tag?post=6934"}],"curies":[{"name":"wp","href":"https:\/\/api.w.org\/{rel}","templated":true}]}}