{"id":7100,"date":"2024-03-19T14:31:58","date_gmt":"2024-03-19T14:31:58","guid":{"rendered":"https:\/\/rave-brillen.de\/shop\/schnelle-brille-no-66-silver-surfer\/"},"modified":"2026-03-04T15:22:57","modified_gmt":"2026-03-04T14:22:57","slug":"schnelle-brille-no-66-silver-surfer","status":"publish","type":"product","link":"https:\/\/rave-brillen.de\/ch\/shop\/schnelle-brille-no-66-silver-surfer\/","title":{"rendered":"Schnelle Brille No. 66 \u2013 Silver Surfer"},"content":{"rendered":"","protected":false},"excerpt":{"rendered":"","protected":false},"featured_media":7492,"template":"","meta":{"site-sidebar-layout":"default","site-content-layout":"","ast-site-content-layout":"default","site-content-style":"default","site-sidebar-style":"default","ast-global-header-display":"","ast-banner-title-visibility":"","ast-main-header-display":"","ast-hfb-above-header-display":"","ast-hfb-below-header-display":"","ast-hfb-mobile-header-display":"","site-post-title":"","ast-breadcrumbs-content":"","ast-featured-img":"","footer-sml-layout":"","ast-disable-related-posts":"","theme-transparent-header-meta":"default","adv-header-id-meta":"","stick-header-meta":"default","header-above-stick-meta":"","header-main-stick-meta":"","header-below-stick-meta":"","astra-migrate-meta-layouts":"set","ast-page-background-enabled":"default","ast-page-background-meta":{"desktop":{"background-color":"","background-image":"","background-repeat":"repeat","background-position":"center center","background-size":"auto","background-attachment":"scroll","background-type":"","background-media":"","overlay-type":"","overlay-color":"","overlay-opacity":"","overlay-gradient":""},"tablet":{"background-color":"","background-image":"","background-repeat":"repeat","background-position":"center center","background-size":"auto","background-attachment":"scroll","background-type":"","background-media":"","overlay-type":"","overlay-color":"","overlay-opacity":"","overlay-gradient":""},"mobile":{"background-color":"","background-image":"","background-repeat":"repeat","background-position":"center center","background-size":"auto","background-attachment":"scroll","background-type":"","background-media":"","overlay-type":"","overlay-color":"","overlay-opacity":"","overlay-gradient":""}},"ast-content-background-meta":{"desktop":{"background-color":"var(--ast-global-color-5)","background-image":"","background-repeat":"repeat","background-position":"center center","background-size":"auto","background-attachment":"scroll","background-type":"","background-media":"","overlay-type":"","overlay-color":"","overlay-opacity":"","overlay-gradient":""},"tablet":{"background-color":"var(--ast-global-color-5)","background-image":"","background-repeat":"repeat","background-position":"center center","background-size":"auto","background-attachment":"scroll","background-type":"","background-media":"","overlay-type":"","overlay-color":"","overlay-opacity":"","overlay-gradient":""},"mobile":{"background-color":"var(--ast-global-color-5)","background-image":"","background-repeat":"repeat","background-position":"center center","background-size":"auto","background-attachment":"scroll","background-type":"","background-media":"","overlay-type":"","overlay-color":"","overlay-opacity":"","overlay-gradient":""}}},"product_brand":[],"product_cat":[304,308],"product_tag":[],"class_list":{"0":"post-7100","1":"product","2":"type-product","3":"status-publish","4":"has-post-thumbnail","6":"product_cat-brille","7":"product_cat-schnelle-brille","8":"desktop-align-left","9":"tablet-align-left","10":"mobile-align-left","11":"ast-product-gallery-layout-horizontal-slider","12":"ast-product-single-variable","13":"ast-product-tabs-layout-horizontal","14":"ast-qv-on-image","16":"first","17":"instock","18":"taxable","19":"shipping-taxable","20":"purchasable","21":"product-type-variable","22":"has-default-attributes"},"yoast_head":"<title>Schnelle Brille No. 66 \u2013 Silver Surfer - Rave Brillen Shop<\/title>\n<meta name=\"description\" content=\"Gef\u00e4hrlich schnelle Brille, die dich die Grenzen der Realit\u00e4t \u00fcberschreiten l\u00e4sst. Durch das seitliche Sichtglas bist du bestens gesch\u00fctzt.\" \/>\n<meta name=\"robots\" content=\"index, follow, max-snippet:-1, max-image-preview:large, max-video-preview:-1\" \/>\n<link rel=\"canonical\" href=\"https:\/\/rave-brillen.de\/ch\/shop\/schnelle-brille-no-66-silver-surfer\/\" \/>\n<meta property=\"og:locale\" content=\"de_DE\" \/>\n<meta property=\"og:type\" content=\"article\" \/>\n<meta property=\"og:title\" content=\"Schnelle Brille No. 66 \u2013 Silver Surfer - Rave Brillen Shop\" \/>\n<meta property=\"og:description\" content=\"Gef\u00e4hrlich schnelle Brille, die dich die Grenzen der Realit\u00e4t \u00fcberschreiten l\u00e4sst. Durch das seitliche Sichtglas bist du bestens gesch\u00fctzt.\" \/>\n<meta property=\"og:url\" content=\"https:\/\/rave-brillen.de\/ch\/shop\/schnelle-brille-no-66-silver-surfer\/\" \/>\n<meta property=\"og:site_name\" content=\"Rave Brillen Shop\" \/>\n<meta property=\"article:modified_time\" content=\"2026-03-04T14:22:57+00:00\" \/>\n<meta property=\"og:image\" content=\"https:\/\/rave-brillen.de\/wp-content\/uploads\/2024\/03\/silversurfer_silber_seitlich_final.jpg\" \/>\n\t<meta property=\"og:image:width\" content=\"799\" \/>\n\t<meta property=\"og:image:height\" content=\"799\" \/>\n\t<meta property=\"og:image:type\" content=\"image\/jpeg\" \/>\n<meta name=\"twitter:card\" content=\"summary_large_image\" \/>\n<script type=\"application\/ld+json\" class=\"yoast-schema-graph\">{\"@context\":\"https:\\\/\\\/schema.org\",\"@graph\":[{\"@type\":\"WebPage\",\"@id\":\"https:\\\/\\\/rave-brillen.de\\\/ch\\\/shop\\\/schnelle-brille-no-66-silver-surfer\\\/\",\"url\":\"https:\\\/\\\/rave-brillen.de\\\/ch\\\/shop\\\/schnelle-brille-no-66-silver-surfer\\\/\",\"name\":\"Schnelle Brille No. 66 \u2013 Silver Surfer - Rave Brillen Shop\",\"isPartOf\":{\"@id\":\"https:\\\/\\\/rave-brillen.de\\\/ch\\\/#website\"},\"primaryImageOfPage\":{\"@id\":\"https:\\\/\\\/rave-brillen.de\\\/ch\\\/shop\\\/schnelle-brille-no-66-silver-surfer\\\/#primaryimage\"},\"image\":{\"@id\":\"https:\\\/\\\/rave-brillen.de\\\/ch\\\/shop\\\/schnelle-brille-no-66-silver-surfer\\\/#primaryimage\"},\"thumbnailUrl\":\"https:\\\/\\\/rave-brillen.de\\\/wp-content\\\/uploads\\\/2024\\\/03\\\/silversurfer_silber_seitlich_final.jpg\",\"datePublished\":\"2024-03-19T14:31:58+00:00\",\"dateModified\":\"2026-03-04T14:22:57+00:00\",\"description\":\"Gef\u00e4hrlich schnelle Brille, die dich die Grenzen der Realit\u00e4t \u00fcberschreiten l\u00e4sst. Durch das seitliche Sichtglas bist du bestens gesch\u00fctzt.\",\"breadcrumb\":{\"@id\":\"https:\\\/\\\/rave-brillen.de\\\/ch\\\/shop\\\/schnelle-brille-no-66-silver-surfer\\\/#breadcrumb\"},\"inLanguage\":\"de-CH\",\"potentialAction\":[{\"@type\":\"ReadAction\",\"target\":[\"https:\\\/\\\/rave-brillen.de\\\/ch\\\/shop\\\/schnelle-brille-no-66-silver-surfer\\\/\"]}]},{\"@type\":\"ImageObject\",\"inLanguage\":\"de-CH\",\"@id\":\"https:\\\/\\\/rave-brillen.de\\\/ch\\\/shop\\\/schnelle-brille-no-66-silver-surfer\\\/#primaryimage\",\"url\":\"https:\\\/\\\/rave-brillen.de\\\/wp-content\\\/uploads\\\/2024\\\/03\\\/silversurfer_silber_seitlich_final.jpg\",\"contentUrl\":\"https:\\\/\\\/rave-brillen.de\\\/wp-content\\\/uploads\\\/2024\\\/03\\\/silversurfer_silber_seitlich_final.jpg\",\"width\":799,\"height\":799,\"caption\":\"Schnelle Brille Silver Surfer in Silber seitlich\"},{\"@type\":\"BreadcrumbList\",\"@id\":\"https:\\\/\\\/rave-brillen.de\\\/ch\\\/shop\\\/schnelle-brille-no-66-silver-surfer\\\/#breadcrumb\",\"itemListElement\":[{\"@type\":\"ListItem\",\"position\":1,\"name\":\"Startseite\",\"item\":\"https:\\\/\\\/rave-brillen.de\\\/ch\\\/\"},{\"@type\":\"ListItem\",\"position\":2,\"name\":\"Shop\",\"item\":\"https:\\\/\\\/rave-brillen.de\\\/ch\\\/shop\\\/\"},{\"@type\":\"ListItem\",\"position\":3,\"name\":\"Schnelle Brille No. 66 \u2013 Silver Surfer\"}]},{\"@type\":\"WebSite\",\"@id\":\"https:\\\/\\\/rave-brillen.de\\\/ch\\\/#website\",\"url\":\"https:\\\/\\\/rave-brillen.de\\\/ch\\\/\",\"name\":\"Rave Brillen Shop\",\"description\":\"\",\"publisher\":{\"@id\":\"https:\\\/\\\/rave-brillen.de\\\/ch\\\/#organization\"},\"alternateName\":\"Rave Brillen Online Shop\",\"potentialAction\":[{\"@type\":\"SearchAction\",\"target\":{\"@type\":\"EntryPoint\",\"urlTemplate\":\"https:\\\/\\\/rave-brillen.de\\\/ch\\\/?s={search_term_string}\"},\"query-input\":{\"@type\":\"PropertyValueSpecification\",\"valueRequired\":true,\"valueName\":\"search_term_string\"}}],\"inLanguage\":\"de-CH\"},{\"@type\":\"Organization\",\"@id\":\"https:\\\/\\\/rave-brillen.de\\\/ch\\\/#organization\",\"name\":\"Rave Brillen Shop\",\"alternateName\":\"Rave Brillen Shop\",\"url\":\"https:\\\/\\\/rave-brillen.de\\\/ch\\\/\",\"logo\":{\"@type\":\"ImageObject\",\"inLanguage\":\"de-CH\",\"@id\":\"https:\\\/\\\/rave-brillen.de\\\/ch\\\/#\\\/schema\\\/logo\\\/image\\\/\",\"url\":\"https:\\\/\\\/rave-brillen.de\\\/wp-content\\\/uploads\\\/2023\\\/11\\\/cropped-logo-v3.png\",\"contentUrl\":\"https:\\\/\\\/rave-brillen.de\\\/wp-content\\\/uploads\\\/2023\\\/11\\\/cropped-logo-v3.png\",\"width\":512,\"height\":512,\"caption\":\"Rave Brillen Shop\"},\"image\":{\"@id\":\"https:\\\/\\\/rave-brillen.de\\\/ch\\\/#\\\/schema\\\/logo\\\/image\\\/\"}}]}<\/script>","yoast_head_json":{"title":"Schnelle Brille No. 66 \u2013 Silver Surfer - Rave Brillen Shop","description":"Gef\u00e4hrlich schnelle Brille, die dich die Grenzen der Realit\u00e4t \u00fcberschreiten l\u00e4sst. Durch das seitliche Sichtglas bist du bestens gesch\u00fctzt.","robots":{"index":"index","follow":"follow","max-snippet":"max-snippet:-1","max-image-preview":"max-image-preview:large","max-video-preview":"max-video-preview:-1"},"canonical":"https:\/\/rave-brillen.de\/ch\/shop\/schnelle-brille-no-66-silver-surfer\/","og_locale":"de_DE","og_type":"article","og_title":"Schnelle Brille No. 66 \u2013 Silver Surfer - Rave Brillen Shop","og_description":"Gef\u00e4hrlich schnelle Brille, die dich die Grenzen der Realit\u00e4t \u00fcberschreiten l\u00e4sst. Durch das seitliche Sichtglas bist du bestens gesch\u00fctzt.","og_url":"https:\/\/rave-brillen.de\/ch\/shop\/schnelle-brille-no-66-silver-surfer\/","og_site_name":"Rave Brillen Shop","article_modified_time":"2026-03-04T14:22:57+00:00","og_image":[{"width":799,"height":799,"url":"https:\/\/rave-brillen.de\/wp-content\/uploads\/2024\/03\/silversurfer_silber_seitlich_final.jpg","type":"image\/jpeg"}],"twitter_card":"summary_large_image","schema":{"@context":"https:\/\/schema.org","@graph":[{"@type":"WebPage","@id":"https:\/\/rave-brillen.de\/ch\/shop\/schnelle-brille-no-66-silver-surfer\/","url":"https:\/\/rave-brillen.de\/ch\/shop\/schnelle-brille-no-66-silver-surfer\/","name":"Schnelle Brille No. 66 \u2013 Silver Surfer - Rave Brillen Shop","isPartOf":{"@id":"https:\/\/rave-brillen.de\/ch\/#website"},"primaryImageOfPage":{"@id":"https:\/\/rave-brillen.de\/ch\/shop\/schnelle-brille-no-66-silver-surfer\/#primaryimage"},"image":{"@id":"https:\/\/rave-brillen.de\/ch\/shop\/schnelle-brille-no-66-silver-surfer\/#primaryimage"},"thumbnailUrl":"https:\/\/rave-brillen.de\/wp-content\/uploads\/2024\/03\/silversurfer_silber_seitlich_final.jpg","datePublished":"2024-03-19T14:31:58+00:00","dateModified":"2026-03-04T14:22:57+00:00","description":"Gef\u00e4hrlich schnelle Brille, die dich die Grenzen der Realit\u00e4t \u00fcberschreiten l\u00e4sst. Durch das seitliche Sichtglas bist du bestens gesch\u00fctzt.","breadcrumb":{"@id":"https:\/\/rave-brillen.de\/ch\/shop\/schnelle-brille-no-66-silver-surfer\/#breadcrumb"},"inLanguage":"de-CH","potentialAction":[{"@type":"ReadAction","target":["https:\/\/rave-brillen.de\/ch\/shop\/schnelle-brille-no-66-silver-surfer\/"]}]},{"@type":"ImageObject","inLanguage":"de-CH","@id":"https:\/\/rave-brillen.de\/ch\/shop\/schnelle-brille-no-66-silver-surfer\/#primaryimage","url":"https:\/\/rave-brillen.de\/wp-content\/uploads\/2024\/03\/silversurfer_silber_seitlich_final.jpg","contentUrl":"https:\/\/rave-brillen.de\/wp-content\/uploads\/2024\/03\/silversurfer_silber_seitlich_final.jpg","width":799,"height":799,"caption":"Schnelle Brille Silver Surfer in Silber seitlich"},{"@type":"BreadcrumbList","@id":"https:\/\/rave-brillen.de\/ch\/shop\/schnelle-brille-no-66-silver-surfer\/#breadcrumb","itemListElement":[{"@type":"ListItem","position":1,"name":"Startseite","item":"https:\/\/rave-brillen.de\/ch\/"},{"@type":"ListItem","position":2,"name":"Shop","item":"https:\/\/rave-brillen.de\/ch\/shop\/"},{"@type":"ListItem","position":3,"name":"Schnelle Brille No. 66 \u2013 Silver Surfer"}]},{"@type":"WebSite","@id":"https:\/\/rave-brillen.de\/ch\/#website","url":"https:\/\/rave-brillen.de\/ch\/","name":"Rave Brillen Shop","description":"","publisher":{"@id":"https:\/\/rave-brillen.de\/ch\/#organization"},"alternateName":"Rave Brillen Online Shop","potentialAction":[{"@type":"SearchAction","target":{"@type":"EntryPoint","urlTemplate":"https:\/\/rave-brillen.de\/ch\/?s={search_term_string}"},"query-input":{"@type":"PropertyValueSpecification","valueRequired":true,"valueName":"search_term_string"}}],"inLanguage":"de-CH"},{"@type":"Organization","@id":"https:\/\/rave-brillen.de\/ch\/#organization","name":"Rave Brillen Shop","alternateName":"Rave Brillen Shop","url":"https:\/\/rave-brillen.de\/ch\/","logo":{"@type":"ImageObject","inLanguage":"de-CH","@id":"https:\/\/rave-brillen.de\/ch\/#\/schema\/logo\/image\/","url":"https:\/\/rave-brillen.de\/wp-content\/uploads\/2023\/11\/cropped-logo-v3.png","contentUrl":"https:\/\/rave-brillen.de\/wp-content\/uploads\/2023\/11\/cropped-logo-v3.png","width":512,"height":512,"caption":"Rave Brillen Shop"},"image":{"@id":"https:\/\/rave-brillen.de\/ch\/#\/schema\/logo\/image\/"}}]}},"jetpack_sharing_enabled":true,"_links":{"self":[{"href":"https:\/\/rave-brillen.de\/ch\/wp-json\/wp\/v2\/product\/7100","targetHints":{"allow":["GET"]}}],"collection":[{"href":"https:\/\/rave-brillen.de\/ch\/wp-json\/wp\/v2\/product"}],"about":[{"href":"https:\/\/rave-brillen.de\/ch\/wp-json\/wp\/v2\/types\/product"}],"wp:featuredmedia":[{"embeddable":true,"href":"https:\/\/rave-brillen.de\/ch\/wp-json\/wp\/v2\/media\/7492"}],"wp:attachment":[{"href":"https:\/\/rave-brillen.de\/ch\/wp-json\/wp\/v2\/media?parent=7100"}],"wp:term":[{"taxonomy":"product_brand","embeddable":true,"href":"https:\/\/rave-brillen.de\/ch\/wp-json\/wp\/v2\/product_brand?post=7100"},{"taxonomy":"product_cat","embeddable":true,"href":"https:\/\/rave-brillen.de\/ch\/wp-json\/wp\/v2\/product_cat?post=7100"},{"taxonomy":"product_tag","embeddable":true,"href":"https:\/\/rave-brillen.de\/ch\/wp-json\/wp\/v2\/product_tag?post=7100"}],"curies":[{"name":"wp","href":"https:\/\/api.w.org\/{rel}","templated":true}]}}